{"id":230,"date":"2017-10-05T09:51:54","date_gmt":"2017-10-05T07:51:54","guid":{"rendered":"https:\/\/industriekultur-winterthur.ch\/site\/?page_id=230"},"modified":"2022-11-16T16:23:01","modified_gmt":"2022-11-16T15:23:01","slug":"buchung-sulzerareal","status":"publish","type":"page","link":"https:\/\/industriekultur-winterthur.ch\/site\/sulzerareal-stadtmitte\/buchung-sulzerareal\/","title":{"rendered":"Buchung Sulzerareal"},"content":{"rendered":"<div id='av_section_1'  class='avia-section av-3iicyu-a52b6b6a06e10d78d2d3139d63de94f6 main_color avia-section-default avia-no-border-styling  avia-builder-el-0  el_before_av_section  avia-builder-el-first  avia-bg-style-scroll container_wrap fullsize'  ><div class='container av-section-cont-open' ><main  role=\"main\" itemprop=\"mainContentOfPage\"  class='template-page content  av-content-full alpha units'><div class='post-entry post-entry-type-page post-entry-230'><div class='entry-content-wrapper clearfix'>\n\n<style type=\"text\/css\" data-created_by=\"avia_inline_auto\" id=\"style-css-av-3brda6-67f6e53154fce61522ecef9af5675028\">\n.flex_column.av-3brda6-67f6e53154fce61522ecef9af5675028{\nborder-radius:0px 0px 0px 0px;\npadding:0px 0px 0px 0px;\n}\n<\/style>\n<div  class='flex_column av-3brda6-67f6e53154fce61522ecef9af5675028 av_one_half  avia-builder-el-1  el_before_av_one_half  avia-builder-el-first  first flex_column_div av-zero-column-padding  '     ><div  class='av_gmaps_sc_main_wrap av_gmaps_main_wrap '><div id='av_gmap_0' class='avia-google-map-container avia-google-map-sc av_gmaps_show_unconditionally av-no-fallback-img ' data-mapid='av_gmap_0'  style='height: 500px;'><a class=\"av_gmaps_browser_disabled av_text_confirm_link av_text_confirm_link_visible\" href=\"https:\/\/www.google.com\/maps\/search\/?api=1&#038;query=portier%20Lagerplatz%20%20Winterthur%20%20Schweiz\" target=\"_blank\">Aufgrund deiner Datenschutz-Einstellungen k\u00f6nnen wir Ihnen die Karte nicht anzeigen. Klicken Sie hier, um die Karte in einem neuen Fenster zu \u00f6ffnen.<\/a><\/div><\/div><\/div>\n<style type=\"text\/css\" data-created_by=\"avia_inline_auto\" id=\"style-css-av-2y8z92-b6ea6dc33ab2717bea88c36490c3ca11\">\n.flex_column.av-2y8z92-b6ea6dc33ab2717bea88c36490c3ca11{\nborder-radius:0px 0px 0px 0px;\npadding:0px 0px 0px 0px;\n}\n<\/style>\n<div  class='flex_column av-2y8z92-b6ea6dc33ab2717bea88c36490c3ca11 av_one_half  avia-builder-el-3  el_after_av_one_half  avia-builder-el-last  flex_column_div av-zero-column-padding  '     ><p>\n<style type=\"text\/css\" data-created_by=\"avia_inline_auto\" id=\"style-css-av-b0p1i-97b4b97eb8139826593fe74db841dd19\">\n#top .av-special-heading.av-b0p1i-97b4b97eb8139826593fe74db841dd19{\npadding-bottom:10px;\n}\nbody .av-special-heading.av-b0p1i-97b4b97eb8139826593fe74db841dd19 .av-special-heading-tag .heading-char{\nfont-size:25px;\n}\n.av-special-heading.av-b0p1i-97b4b97eb8139826593fe74db841dd19 .av-subheading{\nfont-size:15px;\n}\n<\/style>\n<div  class='av-special-heading av-b0p1i-97b4b97eb8139826593fe74db841dd19 av-special-heading-h1 blockquote modern-quote  avia-builder-el-4  el_before_av_textblock  avia-builder-el-first '><h1 class='av-special-heading-tag '  itemprop=\"headline\"  >Buchung Sulzerareal<\/h1><div class=\"special-heading-border\"><div class=\"special-heading-inner-border\"><\/div><\/div><\/div><br \/>\n<section  class='av_textblock_section av-2kpk6m-926cf14dc58b4aa082dab6f54bcf6376 '   itemscope=\"itemscope\" itemtype=\"https:\/\/schema.org\/CreativeWork\" ><div class='avia_textblock'  itemprop=\"text\" ><p><b>1\u00bd-st\u00fcndige F\u00fchrung<\/b><br \/>\nPreis bis 20 Personen: CHF 250<\/p>\n<p><b>2-st\u00fcndige F\u00fchrung\u00a0<\/b>(inkl. Besichtigung des Dampfzentrums OHNE Betrieb)<br \/>\nPreis bis 20 Personen: CHF 330<\/p>\n<p><b>3-st\u00fcndige F\u00fchrung\u00a0<\/b>(inkl. Besichtigung des Dampfzentrums MIT Betrieb)<br \/>\nPreis bis 20 Personen: CHF 525<\/p>\n<\/div><\/section><br \/>\n<div  class='hr av-2cxfb2-275fb5b5a90823d9aef65767bb39f4af hr-default  avia-builder-el-6  el_after_av_textblock  el_before_av_textblock '><span class='hr-inner '><span class=\"hr-inner-style\"><\/span><\/span><\/div><br \/>\n<section  class='av_textblock_section av-28reue-c95d79f18c520b3601f285bc43eda876 '   itemscope=\"itemscope\" itemtype=\"https:\/\/schema.org\/CreativeWork\" ><div class='avia_textblock'  itemprop=\"text\" ><p><strong>Start und Ende:<\/strong> beim Portierhaus Lagerplatz<\/p>\n<p><strong>Buchung:<\/strong>\u00a0Anfragen mindestens 4 Wochen im Voraus<\/p>\n<p><strong>Absagen:\u00a0<\/strong>bis 10\u00a0Tage im Voraus: kostenlos,<br \/>\n9\u20133 Tage im Voraus: Unkostenbeitrag,<br \/>\nweniger als 48 Stunden im Voraus: voller Betrag<\/p>\n<\/div><\/section><\/p><\/div><\/div><\/div><\/main><!-- close content main element --><\/div><\/div><div id='av_section_2'  class='avia-section av-22eqla-614abc224f6875844af7fc02de4f06e7 main_color avia-section-small avia-no-border-styling  avia-builder-el-8  el_after_av_section  avia-builder-el-last  avia-bg-style-scroll container_wrap fullsize'  ><div class='container av-section-cont-open' ><div class='template-page content  av-content-full alpha units'><div class='post-entry post-entry-type-page post-entry-230'><div class='entry-content-wrapper clearfix'>\n<div  class='hr av-1wz6gu-6bddc57e0be4e0c56bf8ae80806a3ee0 hr-full  avia-builder-el-9  el_before_av_heading  avia-builder-el-first  hr-no-shadow'><span class='hr-inner '><span class=\"hr-inner-style\"><\/span><\/span><\/div>\n\n<style type=\"text\/css\" data-created_by=\"avia_inline_auto\" id=\"style-css-av-894xq-366b4f25719d84728b04400d2a5069d5\">\n#top .av-special-heading.av-894xq-366b4f25719d84728b04400d2a5069d5{\npadding-bottom:10px;\n}\nbody .av-special-heading.av-894xq-366b4f25719d84728b04400d2a5069d5 .av-special-heading-tag .heading-char{\nfont-size:25px;\n}\n.av-special-heading.av-894xq-366b4f25719d84728b04400d2a5069d5 .av-subheading{\nfont-size:15px;\n}\n<\/style>\n<div  class='av-special-heading av-894xq-366b4f25719d84728b04400d2a5069d5 av-special-heading-h1 blockquote modern-quote  avia-builder-el-10  el_after_av_hr  el_before_av_contact '><h1 class='av-special-heading-tag '  itemprop=\"headline\"  >Buchungsanfrage Sulzerareal<\/h1><div class=\"special-heading-border\"><div class=\"special-heading-inner-border\"><\/div><\/div><\/div>\n<form action=\"https:\/\/industriekultur-winterthur.ch\/site\/sulzerareal-stadtmitte\/buchung-sulzerareal\/\" method=\"post\" data-fields-with-error=\"Fehler wurden in folgenden Feld(ern) gefunden:\" class=\"avia_ajax_form av-form-labels-hidden   avia-builder-el-11  el_after_av_heading  avia-builder-el-last  av-custom-form-color av-dark-form \" data-avia-form-id=\"1\" data-avia-redirect='' ><fieldset><p class='  first_form  form_element form_element_fourth' id='element_avia_1_1'><label for=\"avia_1_1\">Name <abbr class=\"required\" title=\"ben\u00f6tigt\">*<\/abbr><\/label> <input name=\"avia_1_1\" class=\"text_input is_empty\" type=\"text\" id=\"avia_1_1\" value=\"\"  placeholder='Name*'\/><\/p><p class='  form_element form_element_fourth' id='element_avia_2_1'><label for=\"avia_2_1\">Telefonnummer <abbr class=\"required\" title=\"ben\u00f6tigt\">*<\/abbr><\/label> <input name=\"avia_2_1\" class=\"text_input is_phone\" type=\"text\" id=\"avia_2_1\" value=\"\"  placeholder='Telefonnummer*'\/><\/p><p class='  form_element form_element_fourth' id='element_avia_3_1'><label for=\"avia_3_1\">E-Mail <abbr class=\"required\" title=\"ben\u00f6tigt\">*<\/abbr><\/label> <input name=\"avia_3_1\" class=\"text_input is_email\" type=\"text\" id=\"avia_3_1\" value=\"\"  placeholder='E-Mail*'\/><\/p><p class='  form_element form_element_fourth' id='element_avia_4_1'><label for=\"avia_4_1\">Anzahl Personen <abbr class=\"required\" title=\"ben\u00f6tigt\">*<\/abbr><\/label> <input name=\"avia_4_1\" class=\"text_input is_empty\" type=\"text\" id=\"avia_4_1\" value=\"\"  placeholder='Anzahl Personen*'\/><\/p><p class='  first_form  form_element form_element_half' id='element_avia_5_1'><label for=\"avia_5_1\">Dauer der F\u00fchrung <abbr class=\"required\" title=\"ben\u00f6tigt\">*<\/abbr><\/label><select  name=\"avia_5_1\" class=\"select is_empty\" id=\"avia_5_1\"><option class=\"av-placeholder\" disabled=\"disabled\" selected=\"selected\" value=''>Dauer der F\u00fchrung*<\/option><option   value='1\u00bd-st\u00fcndige F\u00fchrung'>1\u00bd-st\u00fcndige F\u00fchrung<\/option><option   value='2-st\u00fcndige F\u00fchrung inkl. Besichtigung des Dampfzentrums OHNE Betrieb'>2-st\u00fcndige F\u00fchrung inkl. Besichtigung des Dampfzentrums OHNE Betrieb<\/option><option   value='3-st\u00fcndige F\u00fchrung inkl. Besichtigung des Dampfzentrums MIT Betrieb'>3-st\u00fcndige F\u00fchrung inkl. Besichtigung des Dampfzentrums MIT Betrieb<\/option><\/select><\/p><p class='  form_element form_element_fourth' id='element_avia_6_1'><label for=\"avia_6_1\">Datumsw\u00fcnsche <abbr class=\"required\" title=\"ben\u00f6tigt\">*<\/abbr><\/label> <input name=\"avia_6_1\" class=\"text_input is_empty\" type=\"text\" id=\"avia_6_1\" value=\"\"  placeholder='Datumsw\u00fcnsche*'\/><\/p><p class='  form_element form_element_fourth' id='element_avia_7_1'><label for=\"avia_7_1\">Gew\u00fcnschte Zeit <abbr class=\"required\" title=\"ben\u00f6tigt\">*<\/abbr><\/label> <input name=\"avia_7_1\" class=\"text_input is_empty\" type=\"text\" id=\"avia_7_1\" value=\"\"  placeholder='Gew\u00fcnschte Zeit*'\/><\/p><p class='  first_form  form_element form_fullwidth av-last-visible-form-element' id='element_avia_8_1'><label for=\"avia_8_1\" class=\"textare_label hidden textare_label_avia_8_1\">Bemerkungen<\/label><textarea  placeholder='Bemerkungen' name=\"avia_8_1\" class=\"text_area \" cols=\"40\" rows=\"7\" id=\"avia_8_1\" ><\/textarea><\/p><p class=\"hidden\"><input type=\"text\" name=\"avia_9_1\" class=\"hidden \" id=\"avia_9_1\" value=\"\" \/><\/p><p class=\"form_element \"><input type=\"hidden\" value=\"1\" name=\"avia_generated_form1\" \/><input type=\"submit\" value=\"anfragen\" class=\"button\"  data-sending-label=\"Sende\"\/><\/p><\/fieldset><\/form><div id=\"ajaxresponse_1\" class=\"ajaxresponse ajaxresponse_1 hidden\"><\/div>\n<\/p>\n","protected":false},"excerpt":{"rendered":"","protected":false},"author":1,"featured_media":0,"parent":77,"menu_order":0,"comment_status":"closed","ping_status":"closed","template":"","meta":{"footnotes":""},"class_list":["post-230","page","type-page","status-publish","hentry"],"yoast_head":"<!-- This site is optimized with the Yoast SEO plugin v27.6 - https:\/\/yoast.com\/product\/yoast-seo-wordpress\/ -->\n<title>Buchung Sulzerareal - inbahn<\/title>\n<meta name=\"robots\" content=\"index, follow, max-snippet:-1, max-image-preview:large, max-video-preview:-1\" \/>\n<link rel=\"canonical\" href=\"https:\/\/industriekultur-winterthur.ch\/site\/sulzerareal-stadtmitte\/buchung-sulzerareal\/\" \/>\n<meta property=\"og:locale\" content=\"de_DE\" \/>\n<meta property=\"og:type\" content=\"article\" \/>\n<meta property=\"og:title\" content=\"Buchung Sulzerareal - inbahn\" \/>\n<meta property=\"og:url\" content=\"https:\/\/industriekultur-winterthur.ch\/site\/sulzerareal-stadtmitte\/buchung-sulzerareal\/\" \/>\n<meta property=\"og:site_name\" content=\"inbahn\" \/>\n<meta property=\"article:publisher\" content=\"https:\/\/de-de.facebook.com\/Industriekultur.Schweiz\/\" \/>\n<meta property=\"article:modified_time\" content=\"2022-11-16T15:23:01+00:00\" \/>\n<meta name=\"twitter:card\" content=\"summary_large_image\" \/>\n<meta name=\"twitter:label1\" content=\"Gesch\u00e4tzte Lesezeit\" \/>\n\t<meta name=\"twitter:data1\" content=\"3\u00a0Minuten\" \/>\n<script type=\"application\/ld+json\" class=\"yoast-schema-graph\">{\"@context\":\"https:\\\/\\\/schema.org\",\"@graph\":[{\"@type\":\"WebPage\",\"@id\":\"https:\\\/\\\/industriekultur-winterthur.ch\\\/site\\\/sulzerareal-stadtmitte\\\/buchung-sulzerareal\\\/\",\"url\":\"https:\\\/\\\/industriekultur-winterthur.ch\\\/site\\\/sulzerareal-stadtmitte\\\/buchung-sulzerareal\\\/\",\"name\":\"Buchung Sulzerareal - inbahn\",\"isPartOf\":{\"@id\":\"https:\\\/\\\/industriekultur-winterthur.ch\\\/site\\\/#website\"},\"datePublished\":\"2017-10-05T07:51:54+00:00\",\"dateModified\":\"2022-11-16T15:23:01+00:00\",\"breadcrumb\":{\"@id\":\"https:\\\/\\\/industriekultur-winterthur.ch\\\/site\\\/sulzerareal-stadtmitte\\\/buchung-sulzerareal\\\/#breadcrumb\"},\"inLanguage\":\"de\",\"potentialAction\":[{\"@type\":\"ReadAction\",\"target\":[\"https:\\\/\\\/industriekultur-winterthur.ch\\\/site\\\/sulzerareal-stadtmitte\\\/buchung-sulzerareal\\\/\"]}]},{\"@type\":\"BreadcrumbList\",\"@id\":\"https:\\\/\\\/industriekultur-winterthur.ch\\\/site\\\/sulzerareal-stadtmitte\\\/buchung-sulzerareal\\\/#breadcrumb\",\"itemListElement\":[{\"@type\":\"ListItem\",\"position\":1,\"name\":\"Startseite\",\"item\":\"https:\\\/\\\/industriekultur-winterthur.ch\\\/site\\\/\"},{\"@type\":\"ListItem\",\"position\":2,\"name\":\"Sulzerareal Stadtmitte\",\"item\":\"https:\\\/\\\/industriekultur-winterthur.ch\\\/site\\\/sulzerareal-stadtmitte\\\/\"},{\"@type\":\"ListItem\",\"position\":3,\"name\":\"Buchung Sulzerareal\"}]},{\"@type\":\"WebSite\",\"@id\":\"https:\\\/\\\/industriekultur-winterthur.ch\\\/site\\\/#website\",\"url\":\"https:\\\/\\\/industriekultur-winterthur.ch\\\/site\\\/\",\"name\":\"Industriekultur Winterthur\",\"description\":\"Verein f\u00fcr Industrie- und Bahnkultur\",\"publisher\":{\"@id\":\"https:\\\/\\\/industriekultur-winterthur.ch\\\/site\\\/#organization\"},\"potentialAction\":[{\"@type\":\"SearchAction\",\"target\":{\"@type\":\"EntryPoint\",\"urlTemplate\":\"https:\\\/\\\/industriekultur-winterthur.ch\\\/site\\\/?s={search_term_string}\"},\"query-input\":{\"@type\":\"PropertyValueSpecification\",\"valueRequired\":true,\"valueName\":\"search_term_string\"}}],\"inLanguage\":\"de\"},{\"@type\":\"Organization\",\"@id\":\"https:\\\/\\\/industriekultur-winterthur.ch\\\/site\\\/#organization\",\"name\":\"Industriekultur Winterthur\",\"url\":\"https:\\\/\\\/industriekultur-winterthur.ch\\\/site\\\/\",\"logo\":{\"@type\":\"ImageObject\",\"inLanguage\":\"de\",\"@id\":\"https:\\\/\\\/industriekultur-winterthur.ch\\\/site\\\/#\\\/schema\\\/logo\\\/image\\\/\",\"url\":\"https:\\\/\\\/industriekultur-winterthur.ch\\\/site\\\/wp-content\\\/uploads\\\/2019\\\/01\\\/inbahn_orange.png\",\"contentUrl\":\"https:\\\/\\\/industriekultur-winterthur.ch\\\/site\\\/wp-content\\\/uploads\\\/2019\\\/01\\\/inbahn_orange.png\",\"width\":1890,\"height\":709,\"caption\":\"Industriekultur Winterthur\"},\"image\":{\"@id\":\"https:\\\/\\\/industriekultur-winterthur.ch\\\/site\\\/#\\\/schema\\\/logo\\\/image\\\/\"},\"sameAs\":[\"https:\\\/\\\/de-de.facebook.com\\\/Industriekultur.Schweiz\\\/\"]}]}<\/script>\n<!-- \/ Yoast SEO plugin. -->","yoast_head_json":{"title":"Buchung Sulzerareal - inbahn","robots":{"index":"index","follow":"follow","max-snippet":"max-snippet:-1","max-image-preview":"max-image-preview:large","max-video-preview":"max-video-preview:-1"},"canonical":"https:\/\/industriekultur-winterthur.ch\/site\/sulzerareal-stadtmitte\/buchung-sulzerareal\/","og_locale":"de_DE","og_type":"article","og_title":"Buchung Sulzerareal - inbahn","og_url":"https:\/\/industriekultur-winterthur.ch\/site\/sulzerareal-stadtmitte\/buchung-sulzerareal\/","og_site_name":"inbahn","article_publisher":"https:\/\/de-de.facebook.com\/Industriekultur.Schweiz\/","article_modified_time":"2022-11-16T15:23:01+00:00","twitter_card":"summary_large_image","twitter_misc":{"Gesch\u00e4tzte Lesezeit":"3\u00a0Minuten"},"schema":{"@context":"https:\/\/schema.org","@graph":[{"@type":"WebPage","@id":"https:\/\/industriekultur-winterthur.ch\/site\/sulzerareal-stadtmitte\/buchung-sulzerareal\/","url":"https:\/\/industriekultur-winterthur.ch\/site\/sulzerareal-stadtmitte\/buchung-sulzerareal\/","name":"Buchung Sulzerareal - inbahn","isPartOf":{"@id":"https:\/\/industriekultur-winterthur.ch\/site\/#website"},"datePublished":"2017-10-05T07:51:54+00:00","dateModified":"2022-11-16T15:23:01+00:00","breadcrumb":{"@id":"https:\/\/industriekultur-winterthur.ch\/site\/sulzerareal-stadtmitte\/buchung-sulzerareal\/#breadcrumb"},"inLanguage":"de","potentialAction":[{"@type":"ReadAction","target":["https:\/\/industriekultur-winterthur.ch\/site\/sulzerareal-stadtmitte\/buchung-sulzerareal\/"]}]},{"@type":"BreadcrumbList","@id":"https:\/\/industriekultur-winterthur.ch\/site\/sulzerareal-stadtmitte\/buchung-sulzerareal\/#breadcrumb","itemListElement":[{"@type":"ListItem","position":1,"name":"Startseite","item":"https:\/\/industriekultur-winterthur.ch\/site\/"},{"@type":"ListItem","position":2,"name":"Sulzerareal Stadtmitte","item":"https:\/\/industriekultur-winterthur.ch\/site\/sulzerareal-stadtmitte\/"},{"@type":"ListItem","position":3,"name":"Buchung Sulzerareal"}]},{"@type":"WebSite","@id":"https:\/\/industriekultur-winterthur.ch\/site\/#website","url":"https:\/\/industriekultur-winterthur.ch\/site\/","name":"Industriekultur Winterthur","description":"Verein f\u00fcr Industrie- und Bahnkultur","publisher":{"@id":"https:\/\/industriekultur-winterthur.ch\/site\/#organization"},"potentialAction":[{"@type":"SearchAction","target":{"@type":"EntryPoint","urlTemplate":"https:\/\/industriekultur-winterthur.ch\/site\/?s={search_term_string}"},"query-input":{"@type":"PropertyValueSpecification","valueRequired":true,"valueName":"search_term_string"}}],"inLanguage":"de"},{"@type":"Organization","@id":"https:\/\/industriekultur-winterthur.ch\/site\/#organization","name":"Industriekultur Winterthur","url":"https:\/\/industriekultur-winterthur.ch\/site\/","logo":{"@type":"ImageObject","inLanguage":"de","@id":"https:\/\/industriekultur-winterthur.ch\/site\/#\/schema\/logo\/image\/","url":"https:\/\/industriekultur-winterthur.ch\/site\/wp-content\/uploads\/2019\/01\/inbahn_orange.png","contentUrl":"https:\/\/industriekultur-winterthur.ch\/site\/wp-content\/uploads\/2019\/01\/inbahn_orange.png","width":1890,"height":709,"caption":"Industriekultur Winterthur"},"image":{"@id":"https:\/\/industriekultur-winterthur.ch\/site\/#\/schema\/logo\/image\/"},"sameAs":["https:\/\/de-de.facebook.com\/Industriekultur.Schweiz\/"]}]}},"jetpack_sharing_enabled":true,"_links":{"self":[{"href":"https:\/\/industriekultur-winterthur.ch\/site\/wp-json\/wp\/v2\/pages\/230","targetHints":{"allow":["GET"]}}],"collection":[{"href":"https:\/\/industriekultur-winterthur.ch\/site\/wp-json\/wp\/v2\/pages"}],"about":[{"href":"https:\/\/industriekultur-winterthur.ch\/site\/wp-json\/wp\/v2\/types\/page"}],"author":[{"embeddable":true,"href":"https:\/\/industriekultur-winterthur.ch\/site\/wp-json\/wp\/v2\/users\/1"}],"replies":[{"embeddable":true,"href":"https:\/\/industriekultur-winterthur.ch\/site\/wp-json\/wp\/v2\/comments?post=230"}],"version-history":[{"count":40,"href":"https:\/\/industriekultur-winterthur.ch\/site\/wp-json\/wp\/v2\/pages\/230\/revisions"}],"predecessor-version":[{"id":3527,"href":"https:\/\/industriekultur-winterthur.ch\/site\/wp-json\/wp\/v2\/pages\/230\/revisions\/3527"}],"up":[{"embeddable":true,"href":"https:\/\/industriekultur-winterthur.ch\/site\/wp-json\/wp\/v2\/pages\/77"}],"wp:attachment":[{"href":"https:\/\/industriekultur-winterthur.ch\/site\/wp-json\/wp\/v2\/media?parent=230"}],"curies":[{"name":"wp","href":"https:\/\/api.w.org\/{rel}","templated":true}]}}