{"id":3302,"date":"2022-08-22T22:16:12","date_gmt":"2022-08-22T20:16:12","guid":{"rendered":"https:\/\/industriekultur-winterthur.ch\/site\/?page_id=3302"},"modified":"2023-04-27T17:26:17","modified_gmt":"2023-04-27T15:26:17","slug":"netzwerk","status":"publish","type":"page","link":"https:\/\/industriekultur-winterthur.ch\/site\/verein\/netzwerk\/","title":{"rendered":"Netzwerk"},"content":{"rendered":"<div id='av_section_1'  class='avia-section av-av_section-f716ba51e7bf82947c918c6ed882cb73 main_color avia-section-default avia-no-border-styling  avia-builder-el-0  el_before_av_section  avia-builder-el-first  avia-bg-style-scroll container_wrap fullsize'  ><div class='container av-section-cont-open' ><main  role=\"main\" itemprop=\"mainContentOfPage\"  class='template-page content  av-content-full alpha units'><div class='post-entry post-entry-type-page post-entry-3302'><div class='entry-content-wrapper clearfix'>\n<div  class='flex_column av-86jf86-15563bc0f079241b285486ac875ac7c5 av_one_half  avia-builder-el-1  el_before_av_one_half  avia-builder-el-first  first flex_column_div  '     ><style type=\"text\/css\" data-created_by=\"avia_inline_auto\" id=\"style-css-av-5l7xva-990add9dab7e13b202a3f5e155f7432d\">\n.avia-image-container.av-5l7xva-990add9dab7e13b202a3f5e155f7432d img.avia_image{\nbox-shadow:none;\n}\n.avia-image-container.av-5l7xva-990add9dab7e13b202a3f5e155f7432d .av-image-caption-overlay-center{\ncolor:#ffffff;\n}\n<\/style>\n<div  class='avia-image-container av-5l7xva-990add9dab7e13b202a3f5e155f7432d av-styling- avia-align-center  avia-builder-el-2  avia-builder-el-no-sibling '   itemprop=\"image\" itemscope=\"itemscope\" itemtype=\"https:\/\/schema.org\/ImageObject\" ><div class=\"avia-image-container-inner\"><div class=\"avia-image-overlay-wrap\"><img decoding=\"async\" fetchpriority=\"high\" class='wp-image-3363 avia-img-lazy-loading-not-3363 avia_image ' src=\"https:\/\/industriekultur-winterthur.ch\/site\/wp-content\/uploads\/2022\/08\/NFW-034-1030x769.jpg\" alt='' title='Nagelfabrik (hl)'  height=\"769\" width=\"1030\"  itemprop=\"thumbnailUrl\" srcset=\"https:\/\/industriekultur-winterthur.ch\/site\/wp-content\/uploads\/2022\/08\/NFW-034-1030x769.jpg 1030w, https:\/\/industriekultur-winterthur.ch\/site\/wp-content\/uploads\/2022\/08\/NFW-034-300x224.jpg 300w, https:\/\/industriekultur-winterthur.ch\/site\/wp-content\/uploads\/2022\/08\/NFW-034-768x573.jpg 768w, https:\/\/industriekultur-winterthur.ch\/site\/wp-content\/uploads\/2022\/08\/NFW-034-1536x1147.jpg 1536w, https:\/\/industriekultur-winterthur.ch\/site\/wp-content\/uploads\/2022\/08\/NFW-034-1500x1120.jpg 1500w, https:\/\/industriekultur-winterthur.ch\/site\/wp-content\/uploads\/2022\/08\/NFW-034-705x526.jpg 705w, https:\/\/industriekultur-winterthur.ch\/site\/wp-content\/uploads\/2022\/08\/NFW-034.jpg 1654w\" sizes=\"(max-width: 1030px) 100vw, 1030px\" \/><\/div><\/div><\/div><\/div><div  class='flex_column av-4xblna-baf31b0fdb0f96c37756710ff27436cc av_one_half  avia-builder-el-3  el_after_av_one_half  avia-builder-el-last  flex_column_div  '     ><p>\n<style type=\"text\/css\" data-created_by=\"avia_inline_auto\" id=\"style-css-av-l4k6p099-038a9f98bb5775362da3fa66d5e65319\">\n#top .av-special-heading.av-l4k6p099-038a9f98bb5775362da3fa66d5e65319{\npadding-bottom:10px;\n}\nbody .av-special-heading.av-l4k6p099-038a9f98bb5775362da3fa66d5e65319 .av-special-heading-tag .heading-char{\nfont-size:25px;\n}\n.av-special-heading.av-l4k6p099-038a9f98bb5775362da3fa66d5e65319 .av-subheading{\nfont-size:15px;\n}\n<\/style>\n<div  class='av-special-heading av-l4k6p099-038a9f98bb5775362da3fa66d5e65319 av-special-heading-h1 blockquote modern-quote  avia-builder-el-4  el_before_av_textblock  avia-builder-el-first '><h1 class='av-special-heading-tag '  itemprop=\"headline\"  >Netzwerk Industriekultur<\/h1><div class=\"special-heading-border\"><div class=\"special-heading-inner-border\"><\/div><\/div><\/div><br \/>\n<section  class='av_textblock_section av-l4k6pj53-6159a14f6474e2561c42219f70c30e7a '   itemscope=\"itemscope\" itemtype=\"https:\/\/schema.org\/CreativeWork\" ><div class='avia_textblock'  itemprop=\"text\" ><p>Hier finden Sie weitere F\u00fchrungsangebote<\/p>\n<p><strong><a href=\"https:\/\/www.dampfzentrum.ch\/\" target=\"_blank\" rel=\"noopener\">Dampfzentrum Winterthur<\/a><\/strong><\/p>\n<p><strong><a href=\"https:\/\/www.museumschaffen.ch\" target=\"_blank\" rel=\"noopener\">Museum Schaffen<\/a><\/strong><\/p>\n<p><strong><a href=\"https:\/\/www.seile.ch\/\" target=\"_blank\" rel=\"noopener\">Seilerei Kislig<\/a><\/strong><\/p>\n<p><strong><a href=\"http:\/\/www.vdmw.ch\" target=\"_blank\" rel=\"noopener\">Verein Dieselmotoren Winterthur VDMW<\/a><\/strong><\/p>\n<p><strong><a href=\"https:\/\/www.reismuehle-hegi.ch\/\" target=\"_blank\" rel=\"noopener\">Verein Sagi Reism\u00fchle Hegi<\/a><\/strong><\/p>\n<\/div><\/section><\/p><\/div><\/div><\/div><\/main><!-- close content main element --><\/div><\/div><div id='av_section_2'  class='avia-section av-av_section-f716ba51e7bf82947c918c6ed882cb73 main_color avia-section-default avia-no-border-styling  avia-builder-el-6  el_after_av_section  avia-builder-el-last  avia-bg-style-scroll container_wrap fullsize'  ><div class='container av-section-cont-open' ><div class='template-page content  av-content-full alpha units'><div class='post-entry post-entry-type-page post-entry-3302'><div class='entry-content-wrapper clearfix'>\n<div  class='flex_column av-av_one_half-7714eba142aeda1f8b5272a3c372b279 av_one_half  avia-builder-el-7  el_before_av_one_half  avia-builder-el-first  first flex_column_div  '     ><style type=\"text\/css\" data-created_by=\"avia_inline_auto\" id=\"style-css-av-lgz9thpo-399223aa644a9926100af0eb716f1e61\">\n.avia-image-container.av-lgz9thpo-399223aa644a9926100af0eb716f1e61 img.avia_image{\nbox-shadow:none;\n}\n.avia-image-container.av-lgz9thpo-399223aa644a9926100af0eb716f1e61 .av-image-caption-overlay-center{\ncolor:#ffffff;\n}\n<\/style>\n<div  class='avia-image-container av-lgz9thpo-399223aa644a9926100af0eb716f1e61 av-styling- avia-align-center  avia-builder-el-8  avia-builder-el-no-sibling '   itemprop=\"image\" itemscope=\"itemscope\" itemtype=\"https:\/\/schema.org\/ImageObject\" ><div class=\"avia-image-container-inner\"><div class=\"avia-image-overlay-wrap\"><img decoding=\"async\" fetchpriority=\"high\" class='wp-image-1785 avia-img-lazy-loading-not-1785 avia_image ' src=\"https:\/\/industriekultur-winterthur.ch\/site\/wp-content\/uploads\/2018\/05\/SLM_bereit-1030x773.jpg\" alt='' title='SLM (hpb)'  height=\"773\" width=\"1030\"  itemprop=\"thumbnailUrl\" srcset=\"https:\/\/industriekultur-winterthur.ch\/site\/wp-content\/uploads\/2018\/05\/SLM_bereit-1030x773.jpg 1030w, https:\/\/industriekultur-winterthur.ch\/site\/wp-content\/uploads\/2018\/05\/SLM_bereit-300x225.jpg 300w, https:\/\/industriekultur-winterthur.ch\/site\/wp-content\/uploads\/2018\/05\/SLM_bereit-768x576.jpg 768w, https:\/\/industriekultur-winterthur.ch\/site\/wp-content\/uploads\/2018\/05\/SLM_bereit-1500x1125.jpg 1500w, https:\/\/industriekultur-winterthur.ch\/site\/wp-content\/uploads\/2018\/05\/SLM_bereit-705x529.jpg 705w, https:\/\/industriekultur-winterthur.ch\/site\/wp-content\/uploads\/2018\/05\/SLM_bereit-450x338.jpg 450w, https:\/\/industriekultur-winterthur.ch\/site\/wp-content\/uploads\/2018\/05\/SLM_bereit.jpg 2000w\" sizes=\"(max-width: 1030px) 100vw, 1030px\" \/><\/div><\/div><\/div><\/div><div  class='flex_column av-av_one_half-f1c518e9ff58e869f80c8f093487abc9 av_one_half  avia-builder-el-9  el_after_av_one_half  avia-builder-el-last  flex_column_div  '     ><section  class='av_textblock_section av-lgz9pxke-5eb9012724eb39835fadd526f2817d66 '   itemscope=\"itemscope\" itemtype=\"https:\/\/schema.org\/CreativeWork\" ><div class='avia_textblock'  itemprop=\"text\" ><p>und Informationen zum Thema Industriekultur<\/p>\n<p><strong><a href=\"https:\/\/sgti.ch\" target=\"_blank\" rel=\"noopener\">SGTI \u2013 Schweizerische Gesellschaft f\u00fcr Technikgeschichte und Industriekultur<\/a><\/strong><\/p>\n<p><strong><a href=\"https:\/\/www.industriekultur.ch\" target=\"_blank\" rel=\"noopener\">Informationsplattform f\u00fcr sch\u00fctzenswerte Industriekulturg\u00fcter der Schweiz<\/a><\/strong><\/p>\n<p><strong><a href=\"https:\/\/stiftungindustriekultur.ch\" target=\"_blank\" rel=\"noopener\">SIK \u2013 Stiftung Industriekultur<\/a><\/strong><\/p>\n<p><strong><a href=\"https:\/\/denkmal-aktiv.ch\" target=\"_blank\" rel=\"noopener\">DENKMAL<em>aktiv<\/em> \/ ARIAS Industriekultur<\/a><\/strong><\/p>\n<\/div><\/section><\/div><\/p>\n","protected":false},"excerpt":{"rendered":"","protected":false},"author":3,"featured_media":0,"parent":236,"menu_order":0,"comment_status":"closed","ping_status":"closed","template":"","meta":{"footnotes":""},"class_list":["post-3302","page","type-page","status-publish","hentry"],"yoast_head":"<!-- This site is optimized with the Yoast SEO plugin v27.6 - https:\/\/yoast.com\/product\/yoast-seo-wordpress\/ -->\n<title>Netzwerk - inbahn<\/title>\n<meta name=\"robots\" content=\"index, follow, max-snippet:-1, max-image-preview:large, max-video-preview:-1\" \/>\n<link rel=\"canonical\" href=\"https:\/\/industriekultur-winterthur.ch\/site\/verein\/netzwerk\/\" \/>\n<meta property=\"og:locale\" content=\"de_DE\" \/>\n<meta property=\"og:type\" content=\"article\" \/>\n<meta property=\"og:title\" content=\"Netzwerk - inbahn\" \/>\n<meta property=\"og:url\" content=\"https:\/\/industriekultur-winterthur.ch\/site\/verein\/netzwerk\/\" \/>\n<meta property=\"og:site_name\" content=\"inbahn\" \/>\n<meta property=\"article:publisher\" content=\"https:\/\/de-de.facebook.com\/Industriekultur.Schweiz\/\" \/>\n<meta property=\"article:modified_time\" content=\"2023-04-27T15:26:17+00:00\" \/>\n<meta name=\"twitter:card\" content=\"summary_large_image\" \/>\n<meta name=\"twitter:label1\" content=\"Gesch\u00e4tzte Lesezeit\" \/>\n\t<meta name=\"twitter:data1\" content=\"5\u00a0Minuten\" \/>\n<script type=\"application\/ld+json\" class=\"yoast-schema-graph\">{\"@context\":\"https:\\\/\\\/schema.org\",\"@graph\":[{\"@type\":\"WebPage\",\"@id\":\"https:\\\/\\\/industriekultur-winterthur.ch\\\/site\\\/verein\\\/netzwerk\\\/\",\"url\":\"https:\\\/\\\/industriekultur-winterthur.ch\\\/site\\\/verein\\\/netzwerk\\\/\",\"name\":\"Netzwerk - inbahn\",\"isPartOf\":{\"@id\":\"https:\\\/\\\/industriekultur-winterthur.ch\\\/site\\\/#website\"},\"datePublished\":\"2022-08-22T20:16:12+00:00\",\"dateModified\":\"2023-04-27T15:26:17+00:00\",\"breadcrumb\":{\"@id\":\"https:\\\/\\\/industriekultur-winterthur.ch\\\/site\\\/verein\\\/netzwerk\\\/#breadcrumb\"},\"inLanguage\":\"de\",\"potentialAction\":[{\"@type\":\"ReadAction\",\"target\":[\"https:\\\/\\\/industriekultur-winterthur.ch\\\/site\\\/verein\\\/netzwerk\\\/\"]}]},{\"@type\":\"BreadcrumbList\",\"@id\":\"https:\\\/\\\/industriekultur-winterthur.ch\\\/site\\\/verein\\\/netzwerk\\\/#breadcrumb\",\"itemListElement\":[{\"@type\":\"ListItem\",\"position\":1,\"name\":\"Startseite\",\"item\":\"https:\\\/\\\/industriekultur-winterthur.ch\\\/site\\\/\"},{\"@type\":\"ListItem\",\"position\":2,\"name\":\"Verein\",\"item\":\"https:\\\/\\\/industriekultur-winterthur.ch\\\/site\\\/verein\\\/\"},{\"@type\":\"ListItem\",\"position\":3,\"name\":\"Netzwerk\"}]},{\"@type\":\"WebSite\",\"@id\":\"https:\\\/\\\/industriekultur-winterthur.ch\\\/site\\\/#website\",\"url\":\"https:\\\/\\\/industriekultur-winterthur.ch\\\/site\\\/\",\"name\":\"Industriekultur Winterthur\",\"description\":\"Verein f\u00fcr Industrie- und Bahnkultur\",\"publisher\":{\"@id\":\"https:\\\/\\\/industriekultur-winterthur.ch\\\/site\\\/#organization\"},\"potentialAction\":[{\"@type\":\"SearchAction\",\"target\":{\"@type\":\"EntryPoint\",\"urlTemplate\":\"https:\\\/\\\/industriekultur-winterthur.ch\\\/site\\\/?s={search_term_string}\"},\"query-input\":{\"@type\":\"PropertyValueSpecification\",\"valueRequired\":true,\"valueName\":\"search_term_string\"}}],\"inLanguage\":\"de\"},{\"@type\":\"Organization\",\"@id\":\"https:\\\/\\\/industriekultur-winterthur.ch\\\/site\\\/#organization\",\"name\":\"Industriekultur Winterthur\",\"url\":\"https:\\\/\\\/industriekultur-winterthur.ch\\\/site\\\/\",\"logo\":{\"@type\":\"ImageObject\",\"inLanguage\":\"de\",\"@id\":\"https:\\\/\\\/industriekultur-winterthur.ch\\\/site\\\/#\\\/schema\\\/logo\\\/image\\\/\",\"url\":\"https:\\\/\\\/industriekultur-winterthur.ch\\\/site\\\/wp-content\\\/uploads\\\/2019\\\/01\\\/inbahn_orange.png\",\"contentUrl\":\"https:\\\/\\\/industriekultur-winterthur.ch\\\/site\\\/wp-content\\\/uploads\\\/2019\\\/01\\\/inbahn_orange.png\",\"width\":1890,\"height\":709,\"caption\":\"Industriekultur Winterthur\"},\"image\":{\"@id\":\"https:\\\/\\\/industriekultur-winterthur.ch\\\/site\\\/#\\\/schema\\\/logo\\\/image\\\/\"},\"sameAs\":[\"https:\\\/\\\/de-de.facebook.com\\\/Industriekultur.Schweiz\\\/\"]}]}<\/script>\n<!-- \/ Yoast SEO plugin. -->","yoast_head_json":{"title":"Netzwerk - inbahn","robots":{"index":"index","follow":"follow","max-snippet":"max-snippet:-1","max-image-preview":"max-image-preview:large","max-video-preview":"max-video-preview:-1"},"canonical":"https:\/\/industriekultur-winterthur.ch\/site\/verein\/netzwerk\/","og_locale":"de_DE","og_type":"article","og_title":"Netzwerk - inbahn","og_url":"https:\/\/industriekultur-winterthur.ch\/site\/verein\/netzwerk\/","og_site_name":"inbahn","article_publisher":"https:\/\/de-de.facebook.com\/Industriekultur.Schweiz\/","article_modified_time":"2023-04-27T15:26:17+00:00","twitter_card":"summary_large_image","twitter_misc":{"Gesch\u00e4tzte Lesezeit":"5\u00a0Minuten"},"schema":{"@context":"https:\/\/schema.org","@graph":[{"@type":"WebPage","@id":"https:\/\/industriekultur-winterthur.ch\/site\/verein\/netzwerk\/","url":"https:\/\/industriekultur-winterthur.ch\/site\/verein\/netzwerk\/","name":"Netzwerk - inbahn","isPartOf":{"@id":"https:\/\/industriekultur-winterthur.ch\/site\/#website"},"datePublished":"2022-08-22T20:16:12+00:00","dateModified":"2023-04-27T15:26:17+00:00","breadcrumb":{"@id":"https:\/\/industriekultur-winterthur.ch\/site\/verein\/netzwerk\/#breadcrumb"},"inLanguage":"de","potentialAction":[{"@type":"ReadAction","target":["https:\/\/industriekultur-winterthur.ch\/site\/verein\/netzwerk\/"]}]},{"@type":"BreadcrumbList","@id":"https:\/\/industriekultur-winterthur.ch\/site\/verein\/netzwerk\/#breadcrumb","itemListElement":[{"@type":"ListItem","position":1,"name":"Startseite","item":"https:\/\/industriekultur-winterthur.ch\/site\/"},{"@type":"ListItem","position":2,"name":"Verein","item":"https:\/\/industriekultur-winterthur.ch\/site\/verein\/"},{"@type":"ListItem","position":3,"name":"Netzwerk"}]},{"@type":"WebSite","@id":"https:\/\/industriekultur-winterthur.ch\/site\/#website","url":"https:\/\/industriekultur-winterthur.ch\/site\/","name":"Industriekultur Winterthur","description":"Verein f\u00fcr Industrie- und Bahnkultur","publisher":{"@id":"https:\/\/industriekultur-winterthur.ch\/site\/#organization"},"potentialAction":[{"@type":"SearchAction","target":{"@type":"EntryPoint","urlTemplate":"https:\/\/industriekultur-winterthur.ch\/site\/?s={search_term_string}"},"query-input":{"@type":"PropertyValueSpecification","valueRequired":true,"valueName":"search_term_string"}}],"inLanguage":"de"},{"@type":"Organization","@id":"https:\/\/industriekultur-winterthur.ch\/site\/#organization","name":"Industriekultur Winterthur","url":"https:\/\/industriekultur-winterthur.ch\/site\/","logo":{"@type":"ImageObject","inLanguage":"de","@id":"https:\/\/industriekultur-winterthur.ch\/site\/#\/schema\/logo\/image\/","url":"https:\/\/industriekultur-winterthur.ch\/site\/wp-content\/uploads\/2019\/01\/inbahn_orange.png","contentUrl":"https:\/\/industriekultur-winterthur.ch\/site\/wp-content\/uploads\/2019\/01\/inbahn_orange.png","width":1890,"height":709,"caption":"Industriekultur Winterthur"},"image":{"@id":"https:\/\/industriekultur-winterthur.ch\/site\/#\/schema\/logo\/image\/"},"sameAs":["https:\/\/de-de.facebook.com\/Industriekultur.Schweiz\/"]}]}},"jetpack_sharing_enabled":true,"_links":{"self":[{"href":"https:\/\/industriekultur-winterthur.ch\/site\/wp-json\/wp\/v2\/pages\/3302","targetHints":{"allow":["GET"]}}],"collection":[{"href":"https:\/\/industriekultur-winterthur.ch\/site\/wp-json\/wp\/v2\/pages"}],"about":[{"href":"https:\/\/industriekultur-winterthur.ch\/site\/wp-json\/wp\/v2\/types\/page"}],"author":[{"embeddable":true,"href":"https:\/\/industriekultur-winterthur.ch\/site\/wp-json\/wp\/v2\/users\/3"}],"replies":[{"embeddable":true,"href":"https:\/\/industriekultur-winterthur.ch\/site\/wp-json\/wp\/v2\/comments?post=3302"}],"version-history":[{"count":16,"href":"https:\/\/industriekultur-winterthur.ch\/site\/wp-json\/wp\/v2\/pages\/3302\/revisions"}],"predecessor-version":[{"id":3502,"href":"https:\/\/industriekultur-winterthur.ch\/site\/wp-json\/wp\/v2\/pages\/3302\/revisions\/3502"}],"up":[{"embeddable":true,"href":"https:\/\/industriekultur-winterthur.ch\/site\/wp-json\/wp\/v2\/pages\/236"}],"wp:attachment":[{"href":"https:\/\/industriekultur-winterthur.ch\/site\/wp-json\/wp\/v2\/media?parent=3302"}],"curies":[{"name":"wp","href":"https:\/\/api.w.org\/{rel}","templated":true}]}}