{"id":74,"date":"2017-10-04T14:46:47","date_gmt":"2017-10-04T12:46:47","guid":{"rendered":"https:\/\/industriekultur-winterthur.ch\/site\/?page_id=74"},"modified":"2026-05-13T16:48:17","modified_gmt":"2026-05-13T14:48:17","slug":"seidenweberei-sidi","status":"publish","type":"page","link":"https:\/\/industriekultur-winterthur.ch\/site\/seidenweberei-sidi\/","title":{"rendered":"Seidenweberei Sidi"},"content":{"rendered":"<div id='av_section_1'  class='avia-section av-aa8zq-f9bf7c0e8b632b656f0a9c5c469d808f main_color avia-section-default avia-no-shadow  avia-builder-el-0  avia-builder-el-no-sibling  avia-bg-style-scroll container_wrap fullsize'  ><div class='container av-section-cont-open' ><main  role=\"main\" itemprop=\"mainContentOfPage\"  class='template-page content  av-content-full alpha units'><div class='post-entry post-entry-type-page post-entry-74'><div class='entry-content-wrapper clearfix'>\n\n<style type=\"text\/css\" data-created_by=\"avia_inline_auto\" id=\"style-css-av-9sm46-eb8f59c4572821cecafaa42e9f83618a\">\n.flex_column.av-9sm46-eb8f59c4572821cecafaa42e9f83618a{\nborder-radius:0px 0px 0px 0px;\npadding:0px 0px 0px 0px;\n}\n<\/style>\n<div  class='flex_column av-9sm46-eb8f59c4572821cecafaa42e9f83618a av_one_half  avia-builder-el-1  el_before_av_one_half  avia-builder-el-first  first flex_column_div av-zero-column-padding  '     ><p><div  class='avia-slideshow av-91qoe-af627c7eef560f4580007f6b96b42856 avia-slideshow-no scaling av_slideshow avia-slide-slider  avia-builder-el-2  el_before_av_slideshow  avia-builder-el-first  av-slideshow-ui av-control-default av-slideshow-manual av-loop-once av-loop-manual-endless av-default-height-applied avia-slideshow-1' data-slideshow-options=\"{&quot;animation&quot;:&quot;slide&quot;,&quot;autoplay&quot;:false,&quot;loop_autoplay&quot;:&quot;once&quot;,&quot;interval&quot;:5,&quot;loop_manual&quot;:&quot;manual-endless&quot;,&quot;autoplay_stopper&quot;:false,&quot;noNavigation&quot;:false,&quot;bg_slider&quot;:false,&quot;keep_padding&quot;:false,&quot;hoverpause&quot;:false,&quot;show_slide_delay&quot;:0}\"  itemprop=\"image\" itemscope=\"itemscope\" itemtype=\"https:\/\/schema.org\/ImageObject\" ><ul class='avia-slideshow-inner ' style='padding-bottom: 75%;'><li  class='avia-slideshow-slide av-91qoe-af627c7eef560f4580007f6b96b42856__0  av-single-slide slide-1 slide-odd'><div data-rel='slideshow-1' class='avia-slide-wrap '   ><img decoding=\"async\" fetchpriority=\"high\" class=\"wp-image-1497 avia-img-lazy-loading-not-1497\"  src=\"https:\/\/industriekultur-winterthur.ch\/site\/wp-content\/uploads\/2018\/05\/Sidi_neu.jpg\" width=\"2000\" height=\"1500\" title='Seidenweberei Sidi (hg)' alt=''  itemprop=\"thumbnailUrl\" srcset=\"https:\/\/industriekultur-winterthur.ch\/site\/wp-content\/uploads\/2018\/05\/Sidi_neu.jpg 2000w, https:\/\/industriekultur-winterthur.ch\/site\/wp-content\/uploads\/2018\/05\/Sidi_neu-300x225.jpg 300w, https:\/\/industriekultur-winterthur.ch\/site\/wp-content\/uploads\/2018\/05\/Sidi_neu-768x576.jpg 768w, https:\/\/industriekultur-winterthur.ch\/site\/wp-content\/uploads\/2018\/05\/Sidi_neu-1030x773.jpg 1030w, https:\/\/industriekultur-winterthur.ch\/site\/wp-content\/uploads\/2018\/05\/Sidi_neu-1500x1125.jpg 1500w, https:\/\/industriekultur-winterthur.ch\/site\/wp-content\/uploads\/2018\/05\/Sidi_neu-705x529.jpg 705w, https:\/\/industriekultur-winterthur.ch\/site\/wp-content\/uploads\/2018\/05\/Sidi_neu-450x338.jpg 450w\" sizes=\"(max-width: 2000px) 100vw, 2000px\" \/><\/div><\/li><\/ul><\/div><br \/>\n<div  class='avia-slideshow av-7u4du-d64e1304017234ad5eb633ad6485ea95 avia-slideshow-no scaling av_slideshow avia-slide-slider  avia-builder-el-3  el_after_av_slideshow  avia-builder-el-last  av-slideshow-ui av-control-default av-slideshow-autoplay av-loop-endless av-loop-manual-endless av-default-height-applied avia-slideshow-2' data-slideshow-options=\"{&quot;animation&quot;:&quot;slide&quot;,&quot;autoplay&quot;:true,&quot;loop_autoplay&quot;:&quot;endless&quot;,&quot;interval&quot;:5,&quot;loop_manual&quot;:&quot;manual-endless&quot;,&quot;autoplay_stopper&quot;:false,&quot;noNavigation&quot;:false,&quot;bg_slider&quot;:false,&quot;keep_padding&quot;:false,&quot;hoverpause&quot;:false,&quot;show_slide_delay&quot;:0}\"  itemprop=\"image\" itemscope=\"itemscope\" itemtype=\"https:\/\/schema.org\/ImageObject\" ><ul class='avia-slideshow-inner ' style='padding-bottom: 75%;'><li  class='avia-slideshow-slide av-7u4du-d64e1304017234ad5eb633ad6485ea95__0  slide-1 slide-odd'><div data-rel='slideshow-2' class='avia-slide-wrap '   ><img decoding=\"async\" fetchpriority=\"high\" class=\"wp-image-1560 avia-img-lazy-loading-not-1560\"  src=\"https:\/\/industriekultur-winterthur.ch\/site\/wp-content\/uploads\/2018\/05\/sidi1.jpg\" width=\"2000\" height=\"1500\" title='Seidenweberei (wb)' alt=''  itemprop=\"thumbnailUrl\" srcset=\"https:\/\/industriekultur-winterthur.ch\/site\/wp-content\/uploads\/2018\/05\/sidi1.jpg 2000w, https:\/\/industriekultur-winterthur.ch\/site\/wp-content\/uploads\/2018\/05\/sidi1-300x225.jpg 300w, https:\/\/industriekultur-winterthur.ch\/site\/wp-content\/uploads\/2018\/05\/sidi1-768x576.jpg 768w, https:\/\/industriekultur-winterthur.ch\/site\/wp-content\/uploads\/2018\/05\/sidi1-1030x773.jpg 1030w, https:\/\/industriekultur-winterthur.ch\/site\/wp-content\/uploads\/2018\/05\/sidi1-1500x1125.jpg 1500w, https:\/\/industriekultur-winterthur.ch\/site\/wp-content\/uploads\/2018\/05\/sidi1-705x529.jpg 705w, https:\/\/industriekultur-winterthur.ch\/site\/wp-content\/uploads\/2018\/05\/sidi1-450x338.jpg 450w\" sizes=\"(max-width: 2000px) 100vw, 2000px\" \/><\/div><\/li><li  class='avia-slideshow-slide av-7u4du-d64e1304017234ad5eb633ad6485ea95__1  slide-2 slide-even'><div data-rel='slideshow-2' class='avia-slide-wrap '   ><img decoding=\"async\" fetchpriority=\"high\" class=\"wp-image-1564 avia-img-lazy-loading-not-1564\"  src=\"https:\/\/industriekultur-winterthur.ch\/site\/wp-content\/uploads\/2018\/05\/Seidenfabrik-Sidi_HPB_2008_neu-1.jpg\" width=\"2000\" height=\"1500\" title='Seidenweberei Sidi (hpb)' alt=''  itemprop=\"thumbnailUrl\" srcset=\"https:\/\/industriekultur-winterthur.ch\/site\/wp-content\/uploads\/2018\/05\/Seidenfabrik-Sidi_HPB_2008_neu-1.jpg 2000w, https:\/\/industriekultur-winterthur.ch\/site\/wp-content\/uploads\/2018\/05\/Seidenfabrik-Sidi_HPB_2008_neu-1-300x225.jpg 300w, https:\/\/industriekultur-winterthur.ch\/site\/wp-content\/uploads\/2018\/05\/Seidenfabrik-Sidi_HPB_2008_neu-1-768x576.jpg 768w, https:\/\/industriekultur-winterthur.ch\/site\/wp-content\/uploads\/2018\/05\/Seidenfabrik-Sidi_HPB_2008_neu-1-1030x773.jpg 1030w, https:\/\/industriekultur-winterthur.ch\/site\/wp-content\/uploads\/2018\/05\/Seidenfabrik-Sidi_HPB_2008_neu-1-1500x1125.jpg 1500w, https:\/\/industriekultur-winterthur.ch\/site\/wp-content\/uploads\/2018\/05\/Seidenfabrik-Sidi_HPB_2008_neu-1-705x529.jpg 705w, https:\/\/industriekultur-winterthur.ch\/site\/wp-content\/uploads\/2018\/05\/Seidenfabrik-Sidi_HPB_2008_neu-1-450x338.jpg 450w\" sizes=\"(max-width: 2000px) 100vw, 2000px\" \/><\/div><\/li><li  class='avia-slideshow-slide av-7u4du-d64e1304017234ad5eb633ad6485ea95__2  slide-3 slide-odd'><div data-rel='slideshow-2' class='avia-slide-wrap '   ><img decoding=\"async\" fetchpriority=\"high\" class=\"wp-image-1566 avia-img-lazy-loading-not-1566\"  src=\"https:\/\/industriekultur-winterthur.ch\/site\/wp-content\/uploads\/2018\/05\/sidi-innen.jpg\" width=\"2000\" height=\"1500\" title='Seidenweberei Sidi (wb)' alt=''  itemprop=\"thumbnailUrl\" srcset=\"https:\/\/industriekultur-winterthur.ch\/site\/wp-content\/uploads\/2018\/05\/sidi-innen.jpg 2000w, https:\/\/industriekultur-winterthur.ch\/site\/wp-content\/uploads\/2018\/05\/sidi-innen-300x225.jpg 300w, https:\/\/industriekultur-winterthur.ch\/site\/wp-content\/uploads\/2018\/05\/sidi-innen-768x576.jpg 768w, https:\/\/industriekultur-winterthur.ch\/site\/wp-content\/uploads\/2018\/05\/sidi-innen-1030x773.jpg 1030w, https:\/\/industriekultur-winterthur.ch\/site\/wp-content\/uploads\/2018\/05\/sidi-innen-1500x1125.jpg 1500w, https:\/\/industriekultur-winterthur.ch\/site\/wp-content\/uploads\/2018\/05\/sidi-innen-705x529.jpg 705w, https:\/\/industriekultur-winterthur.ch\/site\/wp-content\/uploads\/2018\/05\/sidi-innen-450x338.jpg 450w\" sizes=\"(max-width: 2000px) 100vw, 2000px\" \/><\/div><\/li><\/ul><div class='avia-slideshow-arrows avia-slideshow-controls' ><a href='#prev' class='prev-slide  avia-svg-icon avia-font-svg_entypo-fontello' data-av_svg_icon='left-open-big' data-av_iconset='svg_entypo-fontello' tabindex='-1' title=\"Zur\u00fcck\"><svg version=\"1.1\" xmlns=\"http:\/\/www.w3.org\/2000\/svg\" width=\"15\" height=\"32\" viewBox=\"0 0 15 32\" preserveAspectRatio=\"xMidYMid meet\" aria-labelledby='av-svg-title-1' aria-describedby='av-svg-desc-1' role=\"graphics-symbol\" aria-hidden=\"true\">\n<title id='av-svg-title-1'>Zur\u00fcck<\/title>\n<desc id='av-svg-desc-1'>Zur\u00fcck<\/desc>\n<path d=\"M14.464 27.84q0.832 0.832 0 1.536-0.832 0.832-1.536 0l-12.544-12.608q-0.768-0.768 0-1.6l12.544-12.608q0.704-0.832 1.536 0 0.832 0.704 0 1.536l-11.456 11.904z\"><\/path>\n<\/svg><span class='avia_hidden_link_text'>Zur\u00fcck<\/span><\/a><a href='#next' class='next-slide  avia-svg-icon avia-font-svg_entypo-fontello' data-av_svg_icon='right-open-big' data-av_iconset='svg_entypo-fontello' tabindex='-1' title=\"Weiter\"><svg version=\"1.1\" xmlns=\"http:\/\/www.w3.org\/2000\/svg\" width=\"15\" height=\"32\" viewBox=\"0 0 15 32\" preserveAspectRatio=\"xMidYMid meet\" aria-labelledby='av-svg-title-2' aria-describedby='av-svg-desc-2' role=\"graphics-symbol\" aria-hidden=\"true\">\n<title id='av-svg-title-2'>Weiter<\/title>\n<desc id='av-svg-desc-2'>Weiter<\/desc>\n<path d=\"M0.416 27.84l11.456-11.84-11.456-11.904q-0.832-0.832 0-1.536 0.832-0.832 1.536 0l12.544 12.608q0.768 0.832 0 1.6l-12.544 12.608q-0.704 0.832-1.536 0-0.832-0.704 0-1.536z\"><\/path>\n<\/svg><span class='avia_hidden_link_text'>Weiter<\/span><\/a><\/div><div class='avia-slideshow-dots avia-slideshow-controls'><a href='#1' class='goto-slide active' >1<\/a><a href='#2' class='goto-slide ' >2<\/a><a href='#3' class='goto-slide ' >3<\/a><\/div><\/div><\/p><\/div>\n<style type=\"text\/css\" data-created_by=\"avia_inline_auto\" id=\"style-css-av-5n3h6-d467dbd20e0d2c2e89f7b0e177616561\">\n.flex_column.av-5n3h6-d467dbd20e0d2c2e89f7b0e177616561{\nborder-radius:0px 0px 0px 0px;\npadding:0px 0px 0px 0px;\n}\n<\/style>\n<div  class='flex_column av-5n3h6-d467dbd20e0d2c2e89f7b0e177616561 av_one_half  avia-builder-el-4  el_after_av_one_half  avia-builder-el-last  flex_column_div av-zero-column-padding  '     ><p>\n<style type=\"text\/css\" data-created_by=\"avia_inline_auto\" id=\"style-css-av-15mtm-26e36216734895879e5faf6552878e2f\">\n#top .av-special-heading.av-15mtm-26e36216734895879e5faf6552878e2f{\npadding-bottom:10px;\n}\nbody .av-special-heading.av-15mtm-26e36216734895879e5faf6552878e2f .av-special-heading-tag .heading-char{\nfont-size:25px;\n}\n.av-special-heading.av-15mtm-26e36216734895879e5faf6552878e2f .av-subheading{\nfont-size:15px;\n}\n<\/style>\n<div  class='av-special-heading av-15mtm-26e36216734895879e5faf6552878e2f av-special-heading-h1 blockquote modern-quote  avia-builder-el-5  el_before_av_textblock  avia-builder-el-first '><h1 class='av-special-heading-tag '  itemprop=\"headline\"  >Seidenweberei Sidi<\/h1><div class=\"special-heading-border\"><div class=\"special-heading-inner-border\"><\/div><\/div><\/div><br \/>\n<section  class='av_textblock_section av-4iw96-3a621fd02df2805ff5254936fc4bf0f0 '   itemscope=\"itemscope\" itemtype=\"https:\/\/schema.org\/CreativeWork\" ><div class='avia_textblock'  itemprop=\"text\" ><p><strong>Zeugen eines verschwundenen Grossbetriebs<\/strong><br \/>\nDie Seidenfabrik Winterthur besch\u00e4ftigte einst \u00fcber 850 Personen und geh\u00f6rte zu den gr\u00f6ssten Fabriken der Stadt. Als sie ihren Betrieb 1968 nach fast hundert Jahren einstellte, kaufte der Kanton Z\u00fcrich das Areal und realisierte eine Neu\u00fcberbauung. Die wichtigsten Bauten durften als Zeugen der industriellen Areal-Vergangenheit stehen bleiben.<\/p>\n<p>Spazieren Sie mit unserem Guide am Verwaltungsgeb\u00e4ude und an den Arbeiterh\u00e4usern vorbei und entdecken Sie zwischen den Neubauten das ehemalige Kesselhaus und den Hochkamin.<\/p>\n<p>In der ehemaligen Kraftzentrale k\u00f6nnen Sie die originalen Sulzer Flammrohr-Kessel betrachten, die Energie f\u00fcr \u00fcber 500 Webst\u00fchle lieferten. An einem Modell erleben Sie die Wirkung der Dampfkraft und schliesslich h\u00f6ren sie auch noch von der bekanntesten Arbeiterin der Sidi.<\/p>\n<\/div><\/section><br \/>\n<div  class='hr av-3zeha-cf275f2e3d830d29f0e7ea3709e8de4a hr-default  avia-builder-el-7  el_after_av_textblock  el_before_av_textblock '><span class='hr-inner '><span class=\"hr-inner-style\"><\/span><\/span><\/div><br \/>\n<section  class='av_textblock_section av-3dr06-8d7049de4881f317e6ce0709c7927ef0 '   itemscope=\"itemscope\" itemtype=\"https:\/\/schema.org\/CreativeWork\" ><div class='avia_textblock'  itemprop=\"text\" ><p><b>1-st\u00fcndige \u00f6ffentliche F\u00fchrung<\/b><br \/>\nmit Demonstration eines Dampfmaschinen-Modells und Aussenrundgang<\/p>\n<p>Keine Anmeldung, kein Vorverkauf. Billette vor Ort erh\u00e4ltlich.<br \/>\nPreis pro Person: CHF 15 \/ reduziert\u00a0CHF 10<br \/>\nKinder gratis<\/p>\n<p>Treffpunkt: St. Gallerstrasse 42f<\/p>\n<p>n\u00e4chste Termine:<br \/>\nSamstag, 15. August 2026 um 11 Uhr<br \/>\n<!--Termine f\u00fcr 2027 sind in Planung\nSamstag, 18. April 2026 um 11 Uhr--><\/p>\n<\/div><\/section><br \/>\n<div  class='hr av-2rcda-fd8997792a6cad69320b71c1a3d03768 hr-default  avia-builder-el-9  el_after_av_textblock  el_before_av_textblock '><span class='hr-inner '><span class=\"hr-inner-style\"><\/span><\/span><\/div><br \/>\n<section  class='av_textblock_section av-2avp6-0fa5ae30269ce30ef15d8aaf605335d2 '   itemscope=\"itemscope\" itemtype=\"https:\/\/schema.org\/CreativeWork\" ><div class='avia_textblock'  itemprop=\"text\" ><p><b>1-st\u00fcndige private F\u00fchrung<\/b><br \/>\nmit Demonstration eines Dampfmaschinen-Modells und Aussenrundgang<br \/>\nPreis bis 20 Personen: CHF 200<\/p>\n<\/div><\/section><br \/>\n<div  class='hr av-1n4wy-82af32337596b7bded920646a3434501 hr-default  avia-builder-el-11  el_after_av_textblock  el_before_av_button '><span class='hr-inner '><span class=\"hr-inner-style\"><\/span><\/span><\/div><br \/>\n<div  class='avia-button-wrap av-163ke-eab9f8190652d9a635a2fe4be4df06e7-wrap avia-button-left  avia-builder-el-12  el_after_av_hr  avia-builder-el-last '><a href='https:\/\/industriekultur-winterthur.ch\/site\/seidenweberei-sidi\/buchung-sidi\/'  class='avia-button av-163ke-eab9f8190652d9a635a2fe4be4df06e7 av-link-btn avia-icon_select-no avia-size-large avia-position-left avia-color-dark'   aria-label=\"mehr\"><span class='avia_iconbox_title' >mehr<\/span><\/a><\/div><\/p><\/div>\n","protected":false},"excerpt":{"rendered":"","protected":false},"author":1,"featured_media":0,"parent":0,"menu_order":0,"comment_status":"closed","ping_status":"closed","template":"","meta":{"footnotes":""},"class_list":["post-74","page","type-page","status-publish","hentry"],"yoast_head":"<!-- This site is optimized with the Yoast SEO plugin v27.6 - https:\/\/yoast.com\/product\/yoast-seo-wordpress\/ -->\n<title>Seidenweberei Sidi - inbahn<\/title>\n<meta name=\"description\" content=\"Die Seidenfabrik Winterthur besch\u00e4ftigte einst \u00fcber 850 Personen und geh\u00f6rte zu den gr\u00f6ssten Fabriken der Stadt. Als sie ihren Betrieb 1968 nach fast hundert Jahren einstellte, kaufte der Kanton Z\u00fcrich das Areal und realisierte eine Neu\u00fcberbauung.\" \/>\n<meta name=\"robots\" content=\"index, follow, max-snippet:-1, max-image-preview:large, max-video-preview:-1\" \/>\n<link rel=\"canonical\" href=\"https:\/\/industriekultur-winterthur.ch\/site\/seidenweberei-sidi\/\" \/>\n<meta property=\"og:locale\" content=\"de_DE\" \/>\n<meta property=\"og:type\" content=\"article\" \/>\n<meta property=\"og:title\" content=\"Seidenweberei Sidi - inbahn\" \/>\n<meta property=\"og:description\" content=\"Die Seidenfabrik Winterthur besch\u00e4ftigte einst \u00fcber 850 Personen und geh\u00f6rte zu den gr\u00f6ssten Fabriken der Stadt. Als sie ihren Betrieb 1968 nach fast hundert Jahren einstellte, kaufte der Kanton Z\u00fcrich das Areal und realisierte eine Neu\u00fcberbauung.\" \/>\n<meta property=\"og:url\" content=\"https:\/\/industriekultur-winterthur.ch\/site\/seidenweberei-sidi\/\" \/>\n<meta property=\"og:site_name\" content=\"inbahn\" \/>\n<meta property=\"article:publisher\" content=\"https:\/\/de-de.facebook.com\/Industriekultur.Schweiz\/\" \/>\n<meta property=\"article:modified_time\" content=\"2026-05-13T14:48:17+00:00\" \/>\n<meta name=\"twitter:card\" content=\"summary_large_image\" \/>\n<meta name=\"twitter:label1\" content=\"Gesch\u00e4tzte Lesezeit\" \/>\n\t<meta name=\"twitter:data1\" content=\"2\u00a0Minuten\" \/>\n<script type=\"application\/ld+json\" class=\"yoast-schema-graph\">{\"@context\":\"https:\\\/\\\/schema.org\",\"@graph\":[{\"@type\":\"WebPage\",\"@id\":\"https:\\\/\\\/industriekultur-winterthur.ch\\\/site\\\/seidenweberei-sidi\\\/\",\"url\":\"https:\\\/\\\/industriekultur-winterthur.ch\\\/site\\\/seidenweberei-sidi\\\/\",\"name\":\"Seidenweberei Sidi - inbahn\",\"isPartOf\":{\"@id\":\"https:\\\/\\\/industriekultur-winterthur.ch\\\/site\\\/#website\"},\"datePublished\":\"2017-10-04T12:46:47+00:00\",\"dateModified\":\"2026-05-13T14:48:17+00:00\",\"description\":\"Die Seidenfabrik Winterthur besch\u00e4ftigte einst \u00fcber 850 Personen und geh\u00f6rte zu den gr\u00f6ssten Fabriken der Stadt. Als sie ihren Betrieb 1968 nach fast hundert Jahren einstellte, kaufte der Kanton Z\u00fcrich das Areal und realisierte eine Neu\u00fcberbauung.\",\"breadcrumb\":{\"@id\":\"https:\\\/\\\/industriekultur-winterthur.ch\\\/site\\\/seidenweberei-sidi\\\/#breadcrumb\"},\"inLanguage\":\"de\",\"potentialAction\":[{\"@type\":\"ReadAction\",\"target\":[\"https:\\\/\\\/industriekultur-winterthur.ch\\\/site\\\/seidenweberei-sidi\\\/\"]}]},{\"@type\":\"BreadcrumbList\",\"@id\":\"https:\\\/\\\/industriekultur-winterthur.ch\\\/site\\\/seidenweberei-sidi\\\/#breadcrumb\",\"itemListElement\":[{\"@type\":\"ListItem\",\"position\":1,\"name\":\"Startseite\",\"item\":\"https:\\\/\\\/industriekultur-winterthur.ch\\\/site\\\/\"},{\"@type\":\"ListItem\",\"position\":2,\"name\":\"Seidenweberei Sidi\"}]},{\"@type\":\"WebSite\",\"@id\":\"https:\\\/\\\/industriekultur-winterthur.ch\\\/site\\\/#website\",\"url\":\"https:\\\/\\\/industriekultur-winterthur.ch\\\/site\\\/\",\"name\":\"Industriekultur Winterthur\",\"description\":\"Verein f\u00fcr Industrie- und Bahnkultur\",\"publisher\":{\"@id\":\"https:\\\/\\\/industriekultur-winterthur.ch\\\/site\\\/#organization\"},\"potentialAction\":[{\"@type\":\"SearchAction\",\"target\":{\"@type\":\"EntryPoint\",\"urlTemplate\":\"https:\\\/\\\/industriekultur-winterthur.ch\\\/site\\\/?s={search_term_string}\"},\"query-input\":{\"@type\":\"PropertyValueSpecification\",\"valueRequired\":true,\"valueName\":\"search_term_string\"}}],\"inLanguage\":\"de\"},{\"@type\":\"Organization\",\"@id\":\"https:\\\/\\\/industriekultur-winterthur.ch\\\/site\\\/#organization\",\"name\":\"Industriekultur Winterthur\",\"url\":\"https:\\\/\\\/industriekultur-winterthur.ch\\\/site\\\/\",\"logo\":{\"@type\":\"ImageObject\",\"inLanguage\":\"de\",\"@id\":\"https:\\\/\\\/industriekultur-winterthur.ch\\\/site\\\/#\\\/schema\\\/logo\\\/image\\\/\",\"url\":\"https:\\\/\\\/industriekultur-winterthur.ch\\\/site\\\/wp-content\\\/uploads\\\/2019\\\/01\\\/inbahn_orange.png\",\"contentUrl\":\"https:\\\/\\\/industriekultur-winterthur.ch\\\/site\\\/wp-content\\\/uploads\\\/2019\\\/01\\\/inbahn_orange.png\",\"width\":1890,\"height\":709,\"caption\":\"Industriekultur Winterthur\"},\"image\":{\"@id\":\"https:\\\/\\\/industriekultur-winterthur.ch\\\/site\\\/#\\\/schema\\\/logo\\\/image\\\/\"},\"sameAs\":[\"https:\\\/\\\/de-de.facebook.com\\\/Industriekultur.Schweiz\\\/\"]}]}<\/script>\n<!-- \/ Yoast SEO plugin. -->","yoast_head_json":{"title":"Seidenweberei Sidi - inbahn","description":"Die Seidenfabrik Winterthur besch\u00e4ftigte einst \u00fcber 850 Personen und geh\u00f6rte zu den gr\u00f6ssten Fabriken der Stadt. Als sie ihren Betrieb 1968 nach fast hundert Jahren einstellte, kaufte der Kanton Z\u00fcrich das Areal und realisierte eine Neu\u00fcberbauung.","robots":{"index":"index","follow":"follow","max-snippet":"max-snippet:-1","max-image-preview":"max-image-preview:large","max-video-preview":"max-video-preview:-1"},"canonical":"https:\/\/industriekultur-winterthur.ch\/site\/seidenweberei-sidi\/","og_locale":"de_DE","og_type":"article","og_title":"Seidenweberei Sidi - inbahn","og_description":"Die Seidenfabrik Winterthur besch\u00e4ftigte einst \u00fcber 850 Personen und geh\u00f6rte zu den gr\u00f6ssten Fabriken der Stadt. Als sie ihren Betrieb 1968 nach fast hundert Jahren einstellte, kaufte der Kanton Z\u00fcrich das Areal und realisierte eine Neu\u00fcberbauung.","og_url":"https:\/\/industriekultur-winterthur.ch\/site\/seidenweberei-sidi\/","og_site_name":"inbahn","article_publisher":"https:\/\/de-de.facebook.com\/Industriekultur.Schweiz\/","article_modified_time":"2026-05-13T14:48:17+00:00","twitter_card":"summary_large_image","twitter_misc":{"Gesch\u00e4tzte Lesezeit":"2\u00a0Minuten"},"schema":{"@context":"https:\/\/schema.org","@graph":[{"@type":"WebPage","@id":"https:\/\/industriekultur-winterthur.ch\/site\/seidenweberei-sidi\/","url":"https:\/\/industriekultur-winterthur.ch\/site\/seidenweberei-sidi\/","name":"Seidenweberei Sidi - inbahn","isPartOf":{"@id":"https:\/\/industriekultur-winterthur.ch\/site\/#website"},"datePublished":"2017-10-04T12:46:47+00:00","dateModified":"2026-05-13T14:48:17+00:00","description":"Die Seidenfabrik Winterthur besch\u00e4ftigte einst \u00fcber 850 Personen und geh\u00f6rte zu den gr\u00f6ssten Fabriken der Stadt. Als sie ihren Betrieb 1968 nach fast hundert Jahren einstellte, kaufte der Kanton Z\u00fcrich das Areal und realisierte eine Neu\u00fcberbauung.","breadcrumb":{"@id":"https:\/\/industriekultur-winterthur.ch\/site\/seidenweberei-sidi\/#breadcrumb"},"inLanguage":"de","potentialAction":[{"@type":"ReadAction","target":["https:\/\/industriekultur-winterthur.ch\/site\/seidenweberei-sidi\/"]}]},{"@type":"BreadcrumbList","@id":"https:\/\/industriekultur-winterthur.ch\/site\/seidenweberei-sidi\/#breadcrumb","itemListElement":[{"@type":"ListItem","position":1,"name":"Startseite","item":"https:\/\/industriekultur-winterthur.ch\/site\/"},{"@type":"ListItem","position":2,"name":"Seidenweberei Sidi"}]},{"@type":"WebSite","@id":"https:\/\/industriekultur-winterthur.ch\/site\/#website","url":"https:\/\/industriekultur-winterthur.ch\/site\/","name":"Industriekultur Winterthur","description":"Verein f\u00fcr Industrie- und Bahnkultur","publisher":{"@id":"https:\/\/industriekultur-winterthur.ch\/site\/#organization"},"potentialAction":[{"@type":"SearchAction","target":{"@type":"EntryPoint","urlTemplate":"https:\/\/industriekultur-winterthur.ch\/site\/?s={search_term_string}"},"query-input":{"@type":"PropertyValueSpecification","valueRequired":true,"valueName":"search_term_string"}}],"inLanguage":"de"},{"@type":"Organization","@id":"https:\/\/industriekultur-winterthur.ch\/site\/#organization","name":"Industriekultur Winterthur","url":"https:\/\/industriekultur-winterthur.ch\/site\/","logo":{"@type":"ImageObject","inLanguage":"de","@id":"https:\/\/industriekultur-winterthur.ch\/site\/#\/schema\/logo\/image\/","url":"https:\/\/industriekultur-winterthur.ch\/site\/wp-content\/uploads\/2019\/01\/inbahn_orange.png","contentUrl":"https:\/\/industriekultur-winterthur.ch\/site\/wp-content\/uploads\/2019\/01\/inbahn_orange.png","width":1890,"height":709,"caption":"Industriekultur Winterthur"},"image":{"@id":"https:\/\/industriekultur-winterthur.ch\/site\/#\/schema\/logo\/image\/"},"sameAs":["https:\/\/de-de.facebook.com\/Industriekultur.Schweiz\/"]}]}},"jetpack_sharing_enabled":true,"_links":{"self":[{"href":"https:\/\/industriekultur-winterthur.ch\/site\/wp-json\/wp\/v2\/pages\/74","targetHints":{"allow":["GET"]}}],"collection":[{"href":"https:\/\/industriekultur-winterthur.ch\/site\/wp-json\/wp\/v2\/pages"}],"about":[{"href":"https:\/\/industriekultur-winterthur.ch\/site\/wp-json\/wp\/v2\/types\/page"}],"author":[{"embeddable":true,"href":"https:\/\/industriekultur-winterthur.ch\/site\/wp-json\/wp\/v2\/users\/1"}],"replies":[{"embeddable":true,"href":"https:\/\/industriekultur-winterthur.ch\/site\/wp-json\/wp\/v2\/comments?post=74"}],"version-history":[{"count":74,"href":"https:\/\/industriekultur-winterthur.ch\/site\/wp-json\/wp\/v2\/pages\/74\/revisions"}],"predecessor-version":[{"id":4086,"href":"https:\/\/industriekultur-winterthur.ch\/site\/wp-json\/wp\/v2\/pages\/74\/revisions\/4086"}],"wp:attachment":[{"href":"https:\/\/industriekultur-winterthur.ch\/site\/wp-json\/wp\/v2\/media?parent=74"}],"curies":[{"name":"wp","href":"https:\/\/api.w.org\/{rel}","templated":true}]}}