{"id":86,"date":"2017-10-04T14:49:24","date_gmt":"2017-10-04T12:49:24","guid":{"rendered":"https:\/\/industriekultur-winterthur.ch\/site\/?page_id=86"},"modified":"2021-07-26T15:21:07","modified_gmt":"2021-07-26T13:21:07","slug":"reismuehle-hegi","status":"publish","type":"page","link":"https:\/\/industriekultur-winterthur.ch\/site\/reismuehle-hegi\/","title":{"rendered":"Reism\u00fchle Hegi"},"content":{"rendered":"<div id='av_section_1'  class='avia-section av-8hefm-57622a3620b51e02aeafef430148a13c main_color avia-section-default avia-no-shadow  avia-builder-el-0  avia-builder-el-no-sibling  avia-bg-style-scroll container_wrap fullsize'  ><div class='container av-section-cont-open' ><main  role=\"main\" itemprop=\"mainContentOfPage\"  class='template-page content  av-content-full alpha units'><div class='post-entry post-entry-type-page post-entry-86'><div class='entry-content-wrapper clearfix'>\n\n<style type=\"text\/css\" data-created_by=\"avia_inline_auto\" id=\"style-css-av-89vzi-6a9643cc846af2ada294b341f23c0f02\">\n.flex_column.av-89vzi-6a9643cc846af2ada294b341f23c0f02{\nborder-radius:0px 0px 0px 0px;\npadding:0px 0px 0px 0px;\n}\n<\/style>\n<div  class='flex_column av-89vzi-6a9643cc846af2ada294b341f23c0f02 av_one_half  avia-builder-el-1  el_before_av_one_half  avia-builder-el-first  first flex_column_div av-zero-column-padding  '     ><p><div  class='avia-slideshow av-78c22-c88860bd32af7a05ffdeee303d345d21 avia-slideshow-no scaling av_slideshow avia-slide-slider  avia-builder-el-2  el_before_av_slideshow  avia-builder-el-first  av-slideshow-ui av-control-default av-slideshow-manual av-loop-once av-loop-manual-endless av-default-height-applied avia-slideshow-1' data-slideshow-options=\"{&quot;animation&quot;:&quot;slide&quot;,&quot;autoplay&quot;:false,&quot;loop_autoplay&quot;:&quot;once&quot;,&quot;interval&quot;:5,&quot;loop_manual&quot;:&quot;manual-endless&quot;,&quot;autoplay_stopper&quot;:false,&quot;noNavigation&quot;:false,&quot;bg_slider&quot;:false,&quot;keep_padding&quot;:false,&quot;hoverpause&quot;:false,&quot;show_slide_delay&quot;:0}\"  itemprop=\"image\" itemscope=\"itemscope\" itemtype=\"https:\/\/schema.org\/ImageObject\" ><ul class='avia-slideshow-inner ' style='padding-bottom: 75%;'><li  class='avia-slideshow-slide av-78c22-c88860bd32af7a05ffdeee303d345d21__0  av-single-slide slide-1 slide-odd'><div data-rel='slideshow-1' class='avia-slide-wrap '   ><img decoding=\"async\" fetchpriority=\"high\" class=\"wp-image-1628 avia-img-lazy-loading-not-1628\"  src=\"https:\/\/industriekultur-winterthur.ch\/site\/wp-content\/uploads\/2018\/05\/reism\u00fchle_berei.jpg\" width=\"2000\" height=\"1500\" title='Reism\u00fchle Hegi' alt=''  itemprop=\"thumbnailUrl\" srcset=\"https:\/\/industriekultur-winterthur.ch\/site\/wp-content\/uploads\/2018\/05\/reism\u00fchle_berei.jpg 2000w, https:\/\/industriekultur-winterthur.ch\/site\/wp-content\/uploads\/2018\/05\/reism\u00fchle_berei-300x225.jpg 300w, https:\/\/industriekultur-winterthur.ch\/site\/wp-content\/uploads\/2018\/05\/reism\u00fchle_berei-768x576.jpg 768w, https:\/\/industriekultur-winterthur.ch\/site\/wp-content\/uploads\/2018\/05\/reism\u00fchle_berei-1030x773.jpg 1030w, https:\/\/industriekultur-winterthur.ch\/site\/wp-content\/uploads\/2018\/05\/reism\u00fchle_berei-1500x1125.jpg 1500w, https:\/\/industriekultur-winterthur.ch\/site\/wp-content\/uploads\/2018\/05\/reism\u00fchle_berei-705x529.jpg 705w, https:\/\/industriekultur-winterthur.ch\/site\/wp-content\/uploads\/2018\/05\/reism\u00fchle_berei-450x338.jpg 450w\" sizes=\"(max-width: 2000px) 100vw, 2000px\" \/><\/div><\/li><\/ul><\/div><br \/>\n<div  class='avia-slideshow av-6jc22-7e444a07c3a610ac1af1f4e5731be906 avia-slideshow-no scaling av_slideshow avia-slide-slider  avia-builder-el-3  el_after_av_slideshow  avia-builder-el-last  av-slideshow-ui av-control-default av-slideshow-autoplay av-loop-endless av-loop-manual-endless av-default-height-applied avia-slideshow-2' data-slideshow-options=\"{&quot;animation&quot;:&quot;slide&quot;,&quot;autoplay&quot;:true,&quot;loop_autoplay&quot;:&quot;endless&quot;,&quot;interval&quot;:5,&quot;loop_manual&quot;:&quot;manual-endless&quot;,&quot;autoplay_stopper&quot;:false,&quot;noNavigation&quot;:false,&quot;bg_slider&quot;:false,&quot;keep_padding&quot;:false,&quot;hoverpause&quot;:false,&quot;show_slide_delay&quot;:0}\"  itemprop=\"image\" itemscope=\"itemscope\" itemtype=\"https:\/\/schema.org\/ImageObject\" ><ul class='avia-slideshow-inner ' style='padding-bottom: 75%;'><li  class='avia-slideshow-slide av-6jc22-7e444a07c3a610ac1af1f4e5731be906__0  slide-1 slide-odd'><div data-rel='slideshow-2' class='avia-slide-wrap '   ><img decoding=\"async\" fetchpriority=\"high\" class=\"wp-image-1624 avia-img-lazy-loading-not-1624\"  src=\"https:\/\/industriekultur-winterthur.ch\/site\/wp-content\/uploads\/2018\/05\/Reism\u00fchle_Leute_bereit.jpg\" width=\"2000\" height=\"1500\" title='Reism\u00fchle Hegi (hg)' alt=''  itemprop=\"thumbnailUrl\" srcset=\"https:\/\/industriekultur-winterthur.ch\/site\/wp-content\/uploads\/2018\/05\/Reism\u00fchle_Leute_bereit.jpg 2000w, https:\/\/industriekultur-winterthur.ch\/site\/wp-content\/uploads\/2018\/05\/Reism\u00fchle_Leute_bereit-300x225.jpg 300w, https:\/\/industriekultur-winterthur.ch\/site\/wp-content\/uploads\/2018\/05\/Reism\u00fchle_Leute_bereit-768x576.jpg 768w, https:\/\/industriekultur-winterthur.ch\/site\/wp-content\/uploads\/2018\/05\/Reism\u00fchle_Leute_bereit-1030x773.jpg 1030w, https:\/\/industriekultur-winterthur.ch\/site\/wp-content\/uploads\/2018\/05\/Reism\u00fchle_Leute_bereit-1500x1125.jpg 1500w, https:\/\/industriekultur-winterthur.ch\/site\/wp-content\/uploads\/2018\/05\/Reism\u00fchle_Leute_bereit-705x529.jpg 705w, https:\/\/industriekultur-winterthur.ch\/site\/wp-content\/uploads\/2018\/05\/Reism\u00fchle_Leute_bereit-450x338.jpg 450w\" sizes=\"(max-width: 2000px) 100vw, 2000px\" \/><\/div><\/li><li  class='avia-slideshow-slide av-6jc22-7e444a07c3a610ac1af1f4e5731be906__1  slide-2 slide-even'><div data-rel='slideshow-2' class='avia-slide-wrap '   ><img decoding=\"async\" fetchpriority=\"high\" class=\"wp-image-1623 avia-img-lazy-loading-not-1623\"  src=\"https:\/\/industriekultur-winterthur.ch\/site\/wp-content\/uploads\/2018\/05\/Reism\u00fchle_Kanal_bereit.jpg\" width=\"2000\" height=\"1500\" title='Reism\u00fchle Hegi' alt=''  itemprop=\"thumbnailUrl\" srcset=\"https:\/\/industriekultur-winterthur.ch\/site\/wp-content\/uploads\/2018\/05\/Reism\u00fchle_Kanal_bereit.jpg 2000w, https:\/\/industriekultur-winterthur.ch\/site\/wp-content\/uploads\/2018\/05\/Reism\u00fchle_Kanal_bereit-300x225.jpg 300w, https:\/\/industriekultur-winterthur.ch\/site\/wp-content\/uploads\/2018\/05\/Reism\u00fchle_Kanal_bereit-768x576.jpg 768w, https:\/\/industriekultur-winterthur.ch\/site\/wp-content\/uploads\/2018\/05\/Reism\u00fchle_Kanal_bereit-1030x773.jpg 1030w, https:\/\/industriekultur-winterthur.ch\/site\/wp-content\/uploads\/2018\/05\/Reism\u00fchle_Kanal_bereit-1500x1125.jpg 1500w, https:\/\/industriekultur-winterthur.ch\/site\/wp-content\/uploads\/2018\/05\/Reism\u00fchle_Kanal_bereit-705x529.jpg 705w, https:\/\/industriekultur-winterthur.ch\/site\/wp-content\/uploads\/2018\/05\/Reism\u00fchle_Kanal_bereit-450x338.jpg 450w\" sizes=\"(max-width: 2000px) 100vw, 2000px\" \/><\/div><\/li><\/ul><div class='avia-slideshow-arrows avia-slideshow-controls' ><a href='#prev' class='prev-slide  avia-svg-icon avia-font-svg_entypo-fontello' data-av_svg_icon='left-open-big' data-av_iconset='svg_entypo-fontello' tabindex='-1' title=\"Zur\u00fcck\"><svg version=\"1.1\" xmlns=\"http:\/\/www.w3.org\/2000\/svg\" width=\"15\" height=\"32\" viewBox=\"0 0 15 32\" preserveAspectRatio=\"xMidYMid meet\" aria-labelledby='av-svg-title-1' aria-describedby='av-svg-desc-1' role=\"graphics-symbol\" aria-hidden=\"true\">\n<title id='av-svg-title-1'>Zur\u00fcck<\/title>\n<desc id='av-svg-desc-1'>Zur\u00fcck<\/desc>\n<path d=\"M14.464 27.84q0.832 0.832 0 1.536-0.832 0.832-1.536 0l-12.544-12.608q-0.768-0.768 0-1.6l12.544-12.608q0.704-0.832 1.536 0 0.832 0.704 0 1.536l-11.456 11.904z\"><\/path>\n<\/svg><span class='avia_hidden_link_text'>Zur\u00fcck<\/span><\/a><a href='#next' class='next-slide  avia-svg-icon avia-font-svg_entypo-fontello' data-av_svg_icon='right-open-big' data-av_iconset='svg_entypo-fontello' tabindex='-1' title=\"Weiter\"><svg version=\"1.1\" xmlns=\"http:\/\/www.w3.org\/2000\/svg\" width=\"15\" height=\"32\" viewBox=\"0 0 15 32\" preserveAspectRatio=\"xMidYMid meet\" aria-labelledby='av-svg-title-2' aria-describedby='av-svg-desc-2' role=\"graphics-symbol\" aria-hidden=\"true\">\n<title id='av-svg-title-2'>Weiter<\/title>\n<desc id='av-svg-desc-2'>Weiter<\/desc>\n<path d=\"M0.416 27.84l11.456-11.84-11.456-11.904q-0.832-0.832 0-1.536 0.832-0.832 1.536 0l12.544 12.608q0.768 0.832 0 1.6l-12.544 12.608q-0.704 0.832-1.536 0-0.832-0.704 0-1.536z\"><\/path>\n<\/svg><span class='avia_hidden_link_text'>Weiter<\/span><\/a><\/div><div class='avia-slideshow-dots avia-slideshow-controls'><a href='#1' class='goto-slide active' >1<\/a><a href='#2' class='goto-slide ' >2<\/a><\/div><\/div><\/p><\/div>\n<style type=\"text\/css\" data-created_by=\"avia_inline_auto\" id=\"style-css-av-4rgd6-381f93f9d3de63036129749c2e88e199\">\n.flex_column.av-4rgd6-381f93f9d3de63036129749c2e88e199{\nborder-radius:0px 0px 0px 0px;\npadding:0px 0px 0px 0px;\n}\n<\/style>\n<div  class='flex_column av-4rgd6-381f93f9d3de63036129749c2e88e199 av_one_half  avia-builder-el-4  el_after_av_one_half  avia-builder-el-last  flex_column_div av-zero-column-padding  '     ><p>\n<style type=\"text\/css\" data-created_by=\"avia_inline_auto\" id=\"style-css-av-165cm-79689342a886f0e24e9b6b1d0a6281b9\">\n#top .av-special-heading.av-165cm-79689342a886f0e24e9b6b1d0a6281b9{\npadding-bottom:10px;\n}\nbody .av-special-heading.av-165cm-79689342a886f0e24e9b6b1d0a6281b9 .av-special-heading-tag .heading-char{\nfont-size:25px;\n}\n.av-special-heading.av-165cm-79689342a886f0e24e9b6b1d0a6281b9 .av-subheading{\nfont-size:15px;\n}\n<\/style>\n<div  class='av-special-heading av-165cm-79689342a886f0e24e9b6b1d0a6281b9 av-special-heading-h1 blockquote modern-quote  avia-builder-el-5  el_before_av_textblock  avia-builder-el-first '><h1 class='av-special-heading-tag '  itemprop=\"headline\"  >Reism\u00fchle Hegi<\/h1><div class=\"special-heading-border\"><div class=\"special-heading-inner-border\"><\/div><\/div><\/div><br \/>\n<section  class='av_textblock_section av-38aeq-7de560ec8abc74df591a4c0a340086f2 '   itemscope=\"itemscope\" itemtype=\"https:\/\/schema.org\/CreativeWork\" ><div class='avia_textblock'  itemprop=\"text\" ><p><strong>Die restaurierte Schau-S\u00e4gerei<\/strong><br \/>Am Stadtrand von Winterthur steht eine historische S\u00e4gerei mit Wasserkraft-Antrieb. Freuen Sie sich auf einen spannenden Besuch!<\/p>\n<p>Unser Guide l\u00e4sst Sie gerne eintreten, zeigt Ihnen den Kanal mit Fischtreppe und nimmt sie mit in den Untergrund zu den Stangen, Riemen und Zahnr\u00e4dern. Er l\u00e4sst das Wasserrad rumpeln und setzt als H\u00f6hepunkt die Bands\u00e4ge in Gang. Dann fliegen die S\u00e4gesp\u00e4ne, es rasselt und rumpelt und riecht nach frischem Holz. Geduld ist n\u00f6tig, bis aus dem Baumstamm ein Brett ausges\u00e4gt ist. Wie in alten Zeiten.<\/p>\n<p>Auch ein Abstecher zur alten M\u00fchle im Dorfkern von Hegi geh\u00f6rt zum Besuch. Falls Sie einen Ap\u00e9ro gebucht haben, werden Sie zum Schluss im Sagist\u00fcbli bewirtet. Sie sind zu Gast beim Verein Reism\u00fchli, der die S\u00e4gerei sorgf\u00e4ltig restauriert hat und f\u00fcr den Schaubetrieb verantwortlich ist.<\/p>\n<\/div><\/section><br \/>\n<div  class='hr av-2trc6-bf7e6c33fab831bcced62ba40ae76eb0 hr-default  avia-builder-el-7  el_after_av_textblock  el_before_av_textblock '><span class='hr-inner '><span class=\"hr-inner-style\"><\/span><\/span><\/div><br \/>\n<section  class='av_textblock_section av-1wotu-041a9e9e954c43c74e4b1852f3cb3df9 '   itemscope=\"itemscope\" itemtype=\"https:\/\/schema.org\/CreativeWork\" ><div class='avia_textblock'  itemprop=\"text\" ><p><b>1-st\u00fcndige private F\u00fchrung<br \/><\/b>Preis bis 15 Personen: CHF 230<\/p>\n<\/div><\/section><br \/>\n<div  class='hr av-1gwb6-1d309e34de3742e7df0ac0702dd8081a hr-default  avia-builder-el-9  el_after_av_textblock  el_before_av_button '><span class='hr-inner '><span class=\"hr-inner-style\"><\/span><\/span><\/div><br \/>\n<div  class='avia-button-wrap av-uwke-7ab102343e65a88bfc181880d0c8e0c2-wrap avia-button-left  avia-builder-el-10  el_after_av_hr  avia-builder-el-last '><a href='https:\/\/industriekultur-winterthur.ch\/site\/reismuehle-hegi\/buchung-reismuehle-hegi\/'  class='avia-button av-uwke-7ab102343e65a88bfc181880d0c8e0c2 av-link-btn avia-icon_select-no avia-size-large avia-position-left avia-color-dark'   aria-label=\"mehr\"><span class='avia_iconbox_title' >mehr<\/span><\/a><\/div><\/p><\/div>\n","protected":false},"excerpt":{"rendered":"","protected":false},"author":1,"featured_media":0,"parent":0,"menu_order":0,"comment_status":"closed","ping_status":"closed","template":"","meta":{"footnotes":""},"class_list":["post-86","page","type-page","status-publish","hentry"],"yoast_head":"<!-- This site is optimized with the Yoast SEO plugin v27.6 - https:\/\/yoast.com\/product\/yoast-seo-wordpress\/ -->\n<title>Reism\u00fchle Hegi - inbahn<\/title>\n<meta name=\"robots\" content=\"index, follow, max-snippet:-1, max-image-preview:large, max-video-preview:-1\" \/>\n<link rel=\"canonical\" href=\"https:\/\/industriekultur-winterthur.ch\/site\/reismuehle-hegi\/\" \/>\n<meta property=\"og:locale\" content=\"de_DE\" \/>\n<meta property=\"og:type\" content=\"article\" \/>\n<meta property=\"og:title\" content=\"Reism\u00fchle Hegi - inbahn\" \/>\n<meta property=\"og:url\" content=\"https:\/\/industriekultur-winterthur.ch\/site\/reismuehle-hegi\/\" \/>\n<meta property=\"og:site_name\" content=\"inbahn\" \/>\n<meta property=\"article:publisher\" content=\"https:\/\/de-de.facebook.com\/Industriekultur.Schweiz\/\" \/>\n<meta property=\"article:modified_time\" content=\"2021-07-26T13:21:07+00:00\" \/>\n<meta name=\"twitter:card\" content=\"summary_large_image\" \/>\n<meta name=\"twitter:label1\" content=\"Gesch\u00e4tzte Lesezeit\" \/>\n\t<meta name=\"twitter:data1\" content=\"5\u00a0Minuten\" \/>\n<script type=\"application\/ld+json\" class=\"yoast-schema-graph\">{\"@context\":\"https:\\\/\\\/schema.org\",\"@graph\":[{\"@type\":\"WebPage\",\"@id\":\"https:\\\/\\\/industriekultur-winterthur.ch\\\/site\\\/reismuehle-hegi\\\/\",\"url\":\"https:\\\/\\\/industriekultur-winterthur.ch\\\/site\\\/reismuehle-hegi\\\/\",\"name\":\"Reism\u00fchle Hegi - inbahn\",\"isPartOf\":{\"@id\":\"https:\\\/\\\/industriekultur-winterthur.ch\\\/site\\\/#website\"},\"datePublished\":\"2017-10-04T12:49:24+00:00\",\"dateModified\":\"2021-07-26T13:21:07+00:00\",\"breadcrumb\":{\"@id\":\"https:\\\/\\\/industriekultur-winterthur.ch\\\/site\\\/reismuehle-hegi\\\/#breadcrumb\"},\"inLanguage\":\"de\",\"potentialAction\":[{\"@type\":\"ReadAction\",\"target\":[\"https:\\\/\\\/industriekultur-winterthur.ch\\\/site\\\/reismuehle-hegi\\\/\"]}]},{\"@type\":\"BreadcrumbList\",\"@id\":\"https:\\\/\\\/industriekultur-winterthur.ch\\\/site\\\/reismuehle-hegi\\\/#breadcrumb\",\"itemListElement\":[{\"@type\":\"ListItem\",\"position\":1,\"name\":\"Startseite\",\"item\":\"https:\\\/\\\/industriekultur-winterthur.ch\\\/site\\\/\"},{\"@type\":\"ListItem\",\"position\":2,\"name\":\"Reism\u00fchle Hegi\"}]},{\"@type\":\"WebSite\",\"@id\":\"https:\\\/\\\/industriekultur-winterthur.ch\\\/site\\\/#website\",\"url\":\"https:\\\/\\\/industriekultur-winterthur.ch\\\/site\\\/\",\"name\":\"Industriekultur Winterthur\",\"description\":\"Verein f\u00fcr Industrie- und Bahnkultur\",\"publisher\":{\"@id\":\"https:\\\/\\\/industriekultur-winterthur.ch\\\/site\\\/#organization\"},\"potentialAction\":[{\"@type\":\"SearchAction\",\"target\":{\"@type\":\"EntryPoint\",\"urlTemplate\":\"https:\\\/\\\/industriekultur-winterthur.ch\\\/site\\\/?s={search_term_string}\"},\"query-input\":{\"@type\":\"PropertyValueSpecification\",\"valueRequired\":true,\"valueName\":\"search_term_string\"}}],\"inLanguage\":\"de\"},{\"@type\":\"Organization\",\"@id\":\"https:\\\/\\\/industriekultur-winterthur.ch\\\/site\\\/#organization\",\"name\":\"Industriekultur Winterthur\",\"url\":\"https:\\\/\\\/industriekultur-winterthur.ch\\\/site\\\/\",\"logo\":{\"@type\":\"ImageObject\",\"inLanguage\":\"de\",\"@id\":\"https:\\\/\\\/industriekultur-winterthur.ch\\\/site\\\/#\\\/schema\\\/logo\\\/image\\\/\",\"url\":\"https:\\\/\\\/industriekultur-winterthur.ch\\\/site\\\/wp-content\\\/uploads\\\/2019\\\/01\\\/inbahn_orange.png\",\"contentUrl\":\"https:\\\/\\\/industriekultur-winterthur.ch\\\/site\\\/wp-content\\\/uploads\\\/2019\\\/01\\\/inbahn_orange.png\",\"width\":1890,\"height\":709,\"caption\":\"Industriekultur Winterthur\"},\"image\":{\"@id\":\"https:\\\/\\\/industriekultur-winterthur.ch\\\/site\\\/#\\\/schema\\\/logo\\\/image\\\/\"},\"sameAs\":[\"https:\\\/\\\/de-de.facebook.com\\\/Industriekultur.Schweiz\\\/\"]}]}<\/script>\n<!-- \/ Yoast SEO plugin. -->","yoast_head_json":{"title":"Reism\u00fchle Hegi - inbahn","robots":{"index":"index","follow":"follow","max-snippet":"max-snippet:-1","max-image-preview":"max-image-preview:large","max-video-preview":"max-video-preview:-1"},"canonical":"https:\/\/industriekultur-winterthur.ch\/site\/reismuehle-hegi\/","og_locale":"de_DE","og_type":"article","og_title":"Reism\u00fchle Hegi - inbahn","og_url":"https:\/\/industriekultur-winterthur.ch\/site\/reismuehle-hegi\/","og_site_name":"inbahn","article_publisher":"https:\/\/de-de.facebook.com\/Industriekultur.Schweiz\/","article_modified_time":"2021-07-26T13:21:07+00:00","twitter_card":"summary_large_image","twitter_misc":{"Gesch\u00e4tzte Lesezeit":"5\u00a0Minuten"},"schema":{"@context":"https:\/\/schema.org","@graph":[{"@type":"WebPage","@id":"https:\/\/industriekultur-winterthur.ch\/site\/reismuehle-hegi\/","url":"https:\/\/industriekultur-winterthur.ch\/site\/reismuehle-hegi\/","name":"Reism\u00fchle Hegi - inbahn","isPartOf":{"@id":"https:\/\/industriekultur-winterthur.ch\/site\/#website"},"datePublished":"2017-10-04T12:49:24+00:00","dateModified":"2021-07-26T13:21:07+00:00","breadcrumb":{"@id":"https:\/\/industriekultur-winterthur.ch\/site\/reismuehle-hegi\/#breadcrumb"},"inLanguage":"de","potentialAction":[{"@type":"ReadAction","target":["https:\/\/industriekultur-winterthur.ch\/site\/reismuehle-hegi\/"]}]},{"@type":"BreadcrumbList","@id":"https:\/\/industriekultur-winterthur.ch\/site\/reismuehle-hegi\/#breadcrumb","itemListElement":[{"@type":"ListItem","position":1,"name":"Startseite","item":"https:\/\/industriekultur-winterthur.ch\/site\/"},{"@type":"ListItem","position":2,"name":"Reism\u00fchle Hegi"}]},{"@type":"WebSite","@id":"https:\/\/industriekultur-winterthur.ch\/site\/#website","url":"https:\/\/industriekultur-winterthur.ch\/site\/","name":"Industriekultur Winterthur","description":"Verein f\u00fcr Industrie- und Bahnkultur","publisher":{"@id":"https:\/\/industriekultur-winterthur.ch\/site\/#organization"},"potentialAction":[{"@type":"SearchAction","target":{"@type":"EntryPoint","urlTemplate":"https:\/\/industriekultur-winterthur.ch\/site\/?s={search_term_string}"},"query-input":{"@type":"PropertyValueSpecification","valueRequired":true,"valueName":"search_term_string"}}],"inLanguage":"de"},{"@type":"Organization","@id":"https:\/\/industriekultur-winterthur.ch\/site\/#organization","name":"Industriekultur Winterthur","url":"https:\/\/industriekultur-winterthur.ch\/site\/","logo":{"@type":"ImageObject","inLanguage":"de","@id":"https:\/\/industriekultur-winterthur.ch\/site\/#\/schema\/logo\/image\/","url":"https:\/\/industriekultur-winterthur.ch\/site\/wp-content\/uploads\/2019\/01\/inbahn_orange.png","contentUrl":"https:\/\/industriekultur-winterthur.ch\/site\/wp-content\/uploads\/2019\/01\/inbahn_orange.png","width":1890,"height":709,"caption":"Industriekultur Winterthur"},"image":{"@id":"https:\/\/industriekultur-winterthur.ch\/site\/#\/schema\/logo\/image\/"},"sameAs":["https:\/\/de-de.facebook.com\/Industriekultur.Schweiz\/"]}]}},"jetpack_sharing_enabled":true,"_links":{"self":[{"href":"https:\/\/industriekultur-winterthur.ch\/site\/wp-json\/wp\/v2\/pages\/86","targetHints":{"allow":["GET"]}}],"collection":[{"href":"https:\/\/industriekultur-winterthur.ch\/site\/wp-json\/wp\/v2\/pages"}],"about":[{"href":"https:\/\/industriekultur-winterthur.ch\/site\/wp-json\/wp\/v2\/types\/page"}],"author":[{"embeddable":true,"href":"https:\/\/industriekultur-winterthur.ch\/site\/wp-json\/wp\/v2\/users\/1"}],"replies":[{"embeddable":true,"href":"https:\/\/industriekultur-winterthur.ch\/site\/wp-json\/wp\/v2\/comments?post=86"}],"version-history":[{"count":19,"href":"https:\/\/industriekultur-winterthur.ch\/site\/wp-json\/wp\/v2\/pages\/86\/revisions"}],"predecessor-version":[{"id":3392,"href":"https:\/\/industriekultur-winterthur.ch\/site\/wp-json\/wp\/v2\/pages\/86\/revisions\/3392"}],"wp:attachment":[{"href":"https:\/\/industriekultur-winterthur.ch\/site\/wp-json\/wp\/v2\/media?parent=86"}],"curies":[{"name":"wp","href":"https:\/\/api.w.org\/{rel}","templated":true}]}}